{"id":404,"date":"2013-03-21T13:19:36","date_gmt":"2013-03-21T11:19:36","guid":{"rendered":"http:\/\/www.hit-maschinenbau.de\/?page_id=404"},"modified":"2015-04-29T15:06:49","modified_gmt":"2015-04-29T13:06:49","slug":"halbautomatisches-flicksystem","status":"publish","type":"page","link":"https:\/\/hit-maschinenbau.de\/index.php\/leimholztechnik\/flickstationen\/halbautomatisches-flicksystem\/","title":{"rendered":"Halbautomatisches Flicksystem"},"content":{"rendered":"<p><\/p>\n<h2>Halbautomatisches Flicksystem<\/h2>\n<p>Das halbautomatische Flicksystem erm\u00f6glicht das automatische Ausfr\u00e4sen der Fehlstellen.<\/p>\n<p>&nbsp;<\/p>\n<p>Die Position der Fehlstellen und die Art der Fehler k\u00f6nnen dabei von Scannersystemen automatisch bestimmt, oder vom Bedienpersonal definiert werden.<\/p>\n<p>&nbsp;<\/p>\n<p>Die so vorbereiteten H\u00f6lzer werden nach dem Ausfr\u00e4sen am Bedienpersonal vorbei gefahren, so dass die jeweiligen Holzflicken in die vorgesehene Fr\u00e4sung h\u00e4ndisch eingesetzt werden k\u00f6nnen. Die H\u00f6lzer werden dabei an der jeweiligen Fehlerposition vor dem Bedienpersonal gestoppt und es kann angezeigt werden, welcher Holzflicken eingesetzt werden muss. Dies verk\u00fcrzt die Bearbeitungszeiten und erh\u00f6ht somit die Produktivit\u00e4t der gesamten Fertigung.<\/p>\n<p>&nbsp;<\/p>\n<p><strong>Zu unserem Lieferumfang geh\u00f6ren:<\/strong><\/p>\n<p>&nbsp;<\/p>\n<ul>\n<li>Manipulation der H\u00f6lzer durch Scanner oder Begutachtungsstationen<\/li>\n<li>Positioniersysteme zur Manipulation der H\u00f6lzer durch den Fr\u00e4sautomaten<\/li>\n<li>Fr\u00e4sautomat als Roboter oder Bearbeitungsportal komplett mit Werkzeugwechselsystemen<\/li>\n<li>Manipulation der H\u00f6lzer nach dem Fr\u00e4sautomaten mit Bereitstellung der H\u00f6lzer am Flickplatz<\/li>\n<\/ul>\n<p>  <\/p>","protected":false},"excerpt":{"rendered":"<\/p>\n<p> Halbautomatisches Flicksystem <\/p>\n<p>Das halbautomatische Flicksystem erm\u00f6glicht das automatische Ausfr\u00e4sen der Fehlstellen.<\/p>\n<p>&nbsp;<\/p>\n<p>Die Position der Fehlstellen und die Art der Fehler k\u00f6nnen dabei von Scannersystemen automatisch bestimmt, oder vom [&#8230;]<\/p>\n","protected":false},"author":4,"featured_media":0,"parent":352,"menu_order":29,"comment_status":"closed","ping_status":"closed","template":"","meta":{"ngg_post_thumbnail":0},"_links":{"self":[{"href":"https:\/\/hit-maschinenbau.de\/index.php\/wp-json\/wp\/v2\/pages\/404"}],"collection":[{"href":"https:\/\/hit-maschinenbau.de\/index.php\/wp-json\/wp\/v2\/pages"}],"about":[{"href":"https:\/\/hit-maschinenbau.de\/index.php\/wp-json\/wp\/v2\/types\/page"}],"author":[{"embeddable":true,"href":"https:\/\/hit-maschinenbau.de\/index.php\/wp-json\/wp\/v2\/users\/4"}],"replies":[{"embeddable":true,"href":"https:\/\/hit-maschinenbau.de\/index.php\/wp-json\/wp\/v2\/comments?post=404"}],"version-history":[{"count":12,"href":"https:\/\/hit-maschinenbau.de\/index.php\/wp-json\/wp\/v2\/pages\/404\/revisions"}],"predecessor-version":[{"id":3317,"href":"https:\/\/hit-maschinenbau.de\/index.php\/wp-json\/wp\/v2\/pages\/404\/revisions\/3317"}],"up":[{"embeddable":true,"href":"https:\/\/hit-maschinenbau.de\/index.php\/wp-json\/wp\/v2\/pages\/352"}],"wp:attachment":[{"href":"https:\/\/hit-maschinenbau.de\/index.php\/wp-json\/wp\/v2\/media?parent=404"}],"curies":[{"name":"wp","href":"https:\/\/api.w.org\/{rel}","templated":true}]}}