{"id":410,"date":"2013-03-21T13:21:53","date_gmt":"2013-03-21T11:21:53","guid":{"rendered":"http:\/\/www.hit-maschinenbau.de\/?page_id=410"},"modified":"2015-04-29T15:28:44","modified_gmt":"2015-04-29T13:28:44","slug":"querabschiebeentstapelungen","status":"publish","type":"page","link":"https:\/\/hit-maschinenbau.de\/index.php\/leimholztechnik\/hobelbeschickungen\/querabschiebeentstapelungen\/","title":{"rendered":"Querabschiebeentstapelungen"},"content":{"rendered":"<p><\/p>\n<h2>Querabschiebeentstapelungen<\/h2>\n<p>Querabschiebeentstapelungen schieben die oberste Lage eines Paketes in Querrrichtung auf die nachfolgende Mechanisierung ab.\u00a0Evtl. vorhandene Zwischenlatten und Kanth\u00f6lzer (bei Mehrfachpaketen) k\u00f6nnen mit dem optionalen Lattenabstreifer abgeschoben werden.<\/p>\n<p>&nbsp;<\/p>\n<p>Zur Verk\u00fcrzung der Paketwechselzeiten lassen sich unsere Querabschiebeentstapelungen optional mit einem Zwischenhub ausr\u00fcsten. Der Zwischenhub \u00fcbernimmt das Paket von der Haupt- Hub- Senkeinrichtung, so dass diese bereits auf \u00dcbernahmeposition f\u00fcr ein neues Paket fahren kann.<\/p>\n<p>&nbsp;<\/p>\n<p><strong>Zu unserem Lieferumfang geh\u00f6ren:<\/strong><\/p>\n<p>&nbsp;<\/p>\n<ul>\n<li>Querabschiebeentstapelungen mit Lattenabstreifer f\u00fcr zwischengelattete Pakete<\/li>\n<li>Querabschiebeentstapelungen f\u00fcr Pakete ohne Latten<\/li>\n<li>Querabschiebeentstapelungen f\u00fcr Ein- oder Mehrfachpakete<\/li>\n<li>Querabschiebeentstapelungen mit angeschlossener Lattenmanipulation<\/li>\n<\/ul>\n<p><!-- default-view.php -->\n<div\n\tclass=\"ngg-galleryoverview default-view \"\n\tid=\"ngg-gallery-e587d07f9d3184299b9beefb9c6a01f8-1\">\n\n\t\t<!-- Thumbnails -->\n\t\t\t\t<div id=\"ngg-image-0\" class=\"ngg-gallery-thumbnail-box \" >\n\t\t\t\t        <div class=\"ngg-gallery-thumbnail\">\n            <a href=\"https:\/\/hit-maschinenbau.de\/wp-content\/gallery\/3-6-3-querabschiebeentstapelungen\/querabschiebeentstapelung_1.jpg\"\n               title=\"\"\n               data-src=\"https:\/\/hit-maschinenbau.de\/wp-content\/gallery\/3-6-3-querabschiebeentstapelungen\/querabschiebeentstapelung_1.jpg\"\n               data-thumbnail=\"https:\/\/hit-maschinenbau.de\/wp-content\/gallery\/3-6-3-querabschiebeentstapelungen\/thumbs\/thumbs_querabschiebeentstapelung_1.jpg\"\n               data-image-id=\"422\"\n               data-title=\"querabschiebeentstapelung_1\"\n               data-description=\"\"\n               data-image-slug=\"querabschiebeentstapelung_1\"\n               class=\"ngg-simplelightbox\" rel=\"e587d07f9d3184299b9beefb9c6a01f8\">\n                <img class=\"colorbox-410\" \n                    title=\"querabschiebeentstapelung_1\"\n                    alt=\"querabschiebeentstapelung_1\"\n                    src=\"https:\/\/hit-maschinenbau.de\/wp-content\/gallery\/3-6-3-querabschiebeentstapelungen\/thumbs\/thumbs_querabschiebeentstapelung_1.jpg\"\n                    width=\"210\"\n                    height=\"157\"\n                    style=\"max-width:100%;\"\n                \/>\n            <\/a>\n        <\/div>\n\t\t\t\t\t\t\t<\/div> \n\t\t\t\n\t\t\t\t<div id=\"ngg-image-1\" class=\"ngg-gallery-thumbnail-box \" >\n\t\t\t\t        <div class=\"ngg-gallery-thumbnail\">\n            <a href=\"https:\/\/hit-maschinenbau.de\/wp-content\/gallery\/3-6-3-querabschiebeentstapelungen\/querabschiebeentstapelung_2.jpg\"\n               title=\"\"\n               data-src=\"https:\/\/hit-maschinenbau.de\/wp-content\/gallery\/3-6-3-querabschiebeentstapelungen\/querabschiebeentstapelung_2.jpg\"\n               data-thumbnail=\"https:\/\/hit-maschinenbau.de\/wp-content\/gallery\/3-6-3-querabschiebeentstapelungen\/thumbs\/thumbs_querabschiebeentstapelung_2.jpg\"\n               data-image-id=\"423\"\n               data-title=\"querabschiebeentstapelung_2\"\n               data-description=\"\"\n               data-image-slug=\"querabschiebeentstapelung_2\"\n               class=\"ngg-simplelightbox\" rel=\"e587d07f9d3184299b9beefb9c6a01f8\">\n                <img class=\"colorbox-410\" \n                    title=\"querabschiebeentstapelung_2\"\n                    alt=\"querabschiebeentstapelung_2\"\n                    src=\"https:\/\/hit-maschinenbau.de\/wp-content\/gallery\/3-6-3-querabschiebeentstapelungen\/thumbs\/thumbs_querabschiebeentstapelung_2.jpg\"\n                    width=\"210\"\n                    height=\"157\"\n                    style=\"max-width:100%;\"\n                \/>\n            <\/a>\n        <\/div>\n\t\t\t\t\t\t\t<\/div> \n\t\t\t\n\t\t\t\t<div id=\"ngg-image-2\" class=\"ngg-gallery-thumbnail-box \" >\n\t\t\t\t        <div class=\"ngg-gallery-thumbnail\">\n            <a href=\"https:\/\/hit-maschinenbau.de\/wp-content\/gallery\/3-6-3-querabschiebeentstapelungen\/querabschiebeentstapelung_3.jpg\"\n               title=\"\"\n               data-src=\"https:\/\/hit-maschinenbau.de\/wp-content\/gallery\/3-6-3-querabschiebeentstapelungen\/querabschiebeentstapelung_3.jpg\"\n               data-thumbnail=\"https:\/\/hit-maschinenbau.de\/wp-content\/gallery\/3-6-3-querabschiebeentstapelungen\/thumbs\/thumbs_querabschiebeentstapelung_3.jpg\"\n               data-image-id=\"424\"\n               data-title=\"querabschiebeentstapelung_3\"\n               data-description=\"\"\n               data-image-slug=\"querabschiebeentstapelung_3\"\n               class=\"ngg-simplelightbox\" rel=\"e587d07f9d3184299b9beefb9c6a01f8\">\n                <img class=\"colorbox-410\" \n                    title=\"querabschiebeentstapelung_3\"\n                    alt=\"querabschiebeentstapelung_3\"\n                    src=\"https:\/\/hit-maschinenbau.de\/wp-content\/gallery\/3-6-3-querabschiebeentstapelungen\/thumbs\/thumbs_querabschiebeentstapelung_3.jpg\"\n                    width=\"210\"\n                    height=\"157\"\n                    style=\"max-width:100%;\"\n                \/>\n            <\/a>\n        <\/div>\n\t\t\t\t\t\t\t<\/div> \n\t\t\t\n\t\n\t<br style=\"clear: both\" \/>\n\n\t\n\t\t<!-- Pagination -->\n\t<div class='ngg-clear'><\/div>\t<\/div>\n<br \/>\n  <\/p>","protected":false},"excerpt":{"rendered":"<\/p>\n<p> Querabschiebeentstapelungen <\/p>\n<p>Querabschiebeentstapelungen schieben die oberste Lage eines Paketes in Querrrichtung auf die nachfolgende Mechanisierung ab.\u00a0Evtl. vorhandene Zwischenlatten und Kanth\u00f6lzer (bei Mehrfachpaketen) k\u00f6nnen mit dem optionalen Lattenabstreifer abgeschoben werden.<\/p>\n<p>&nbsp;<\/p>\n<p> [&#8230;]<\/p>\n","protected":false},"author":4,"featured_media":0,"parent":354,"menu_order":5,"comment_status":"closed","ping_status":"closed","template":"","meta":{"ngg_post_thumbnail":0},"_links":{"self":[{"href":"https:\/\/hit-maschinenbau.de\/index.php\/wp-json\/wp\/v2\/pages\/410"}],"collection":[{"href":"https:\/\/hit-maschinenbau.de\/index.php\/wp-json\/wp\/v2\/pages"}],"about":[{"href":"https:\/\/hit-maschinenbau.de\/index.php\/wp-json\/wp\/v2\/types\/page"}],"author":[{"embeddable":true,"href":"https:\/\/hit-maschinenbau.de\/index.php\/wp-json\/wp\/v2\/users\/4"}],"replies":[{"embeddable":true,"href":"https:\/\/hit-maschinenbau.de\/index.php\/wp-json\/wp\/v2\/comments?post=410"}],"version-history":[{"count":12,"href":"https:\/\/hit-maschinenbau.de\/index.php\/wp-json\/wp\/v2\/pages\/410\/revisions"}],"predecessor-version":[{"id":3322,"href":"https:\/\/hit-maschinenbau.de\/index.php\/wp-json\/wp\/v2\/pages\/410\/revisions\/3322"}],"up":[{"embeddable":true,"href":"https:\/\/hit-maschinenbau.de\/index.php\/wp-json\/wp\/v2\/pages\/354"}],"wp:attachment":[{"href":"https:\/\/hit-maschinenbau.de\/index.php\/wp-json\/wp\/v2\/media?parent=410"}],"curies":[{"name":"wp","href":"https:\/\/api.w.org\/{rel}","templated":true}]}}