{"id":412,"date":"2013-03-21T13:22:27","date_gmt":"2013-03-21T11:22:27","guid":{"rendered":"http:\/\/www.hit-maschinenbau.de\/?page_id=412"},"modified":"2015-04-29T15:24:54","modified_gmt":"2015-04-29T13:24:54","slug":"laengsabschiebeentstapelungen","status":"publish","type":"page","link":"https:\/\/hit-maschinenbau.de\/index.php\/leimholztechnik\/hobelbeschickungen\/laengsabschiebeentstapelungen\/","title":{"rendered":"L\u00e4ngsabschiebeentstapelungen"},"content":{"rendered":"<p><\/p>\n<h2>L\u00e4ngsabschiebeentstapelungen<\/h2>\n<p>L\u00e4ngsabschiebeentstapelungen schieben die oberste Lage eines Paketes in L\u00e4ngsrichtung auf die nachfolgende Mechanisierung ab.\u00a0Evtl. vorhandene Zwischenlatten und Kanth\u00f6lzer (bei Mehrfachpaketen) k\u00f6nnen mit dem optionalen Lattenabstreifer abgeschoben werden.<\/p>\n<p>&nbsp;<\/p>\n<p>Zur Verk\u00fcrzung der Paketwechselzeiten lassen sich unsere L\u00e4ngsabschiebeentstapelungen optional mit einem Zwischenhub ausr\u00fcsten. Der Zwischenhub \u00fcbernimmt das Paket von der Haupt- Hub- Senkeinrichtung, so dass diese bereits auf \u00dcbernahmeposition f\u00fcr ein neues Paket fahren kann.<\/p>\n<p>&nbsp;<\/p>\n<p><strong>Zu unserem Lieferumfang geh\u00f6ren:<\/strong><\/p>\n<p>&nbsp;<\/p>\n<ul>\n<li>L\u00e4ngsabschiebeentstapelungen mit Lattenabstreifer f\u00fcr zwischengelattete Pakete<\/li>\n<li>L\u00e4ngsabschiebeentstapelungen f\u00fcr Pakete ohne Latten<\/li>\n<li>L\u00e4ngsabschiebeentstapelungen f\u00fcr Ein- oder Mehrfachpakete<\/li>\n<li>L\u00e4ngsabschiebeentstapelungen mit angeschlossener Lattenmanipulation<\/li>\n<\/ul>\n<p><!-- default-view.php -->\n<div\n\tclass=\"ngg-galleryoverview default-view \"\n\tid=\"ngg-gallery-2743ae5b877078bb0032c1a0837a6266-1\">\n\n\t\t<!-- Thumbnails -->\n\t\t\t\t<div id=\"ngg-image-0\" class=\"ngg-gallery-thumbnail-box \" >\n\t\t\t\t        <div class=\"ngg-gallery-thumbnail\">\n            <a href=\"https:\/\/hit-maschinenbau.de\/wp-content\/gallery\/3-6-2-laengsabschiebeentstapelungen\/laengsabschiebeentstapelung_1.jpg\"\n               title=\"\"\n               data-src=\"https:\/\/hit-maschinenbau.de\/wp-content\/gallery\/3-6-2-laengsabschiebeentstapelungen\/laengsabschiebeentstapelung_1.jpg\"\n               data-thumbnail=\"https:\/\/hit-maschinenbau.de\/wp-content\/gallery\/3-6-2-laengsabschiebeentstapelungen\/thumbs\/thumbs_laengsabschiebeentstapelung_1.jpg\"\n               data-image-id=\"418\"\n               data-title=\"laengsabschiebeentstapelung_1\"\n               data-description=\"\"\n               data-image-slug=\"laengsabschiebeentstapelung_1\"\n               class=\"ngg-simplelightbox\" rel=\"2743ae5b877078bb0032c1a0837a6266\">\n                <img class=\"colorbox-412\" \n                    title=\"laengsabschiebeentstapelung_1\"\n                    alt=\"laengsabschiebeentstapelung_1\"\n                    src=\"https:\/\/hit-maschinenbau.de\/wp-content\/gallery\/3-6-2-laengsabschiebeentstapelungen\/thumbs\/thumbs_laengsabschiebeentstapelung_1.jpg\"\n                    width=\"210\"\n                    height=\"139\"\n                    style=\"max-width:100%;\"\n                \/>\n            <\/a>\n        <\/div>\n\t\t\t\t\t\t\t<\/div> \n\t\t\t\n\t\t\t\t<div id=\"ngg-image-1\" class=\"ngg-gallery-thumbnail-box \" >\n\t\t\t\t        <div class=\"ngg-gallery-thumbnail\">\n            <a href=\"https:\/\/hit-maschinenbau.de\/wp-content\/gallery\/3-6-2-laengsabschiebeentstapelungen\/laengsabschiebeentstapelung_3.jpg\"\n               title=\"\"\n               data-src=\"https:\/\/hit-maschinenbau.de\/wp-content\/gallery\/3-6-2-laengsabschiebeentstapelungen\/laengsabschiebeentstapelung_3.jpg\"\n               data-thumbnail=\"https:\/\/hit-maschinenbau.de\/wp-content\/gallery\/3-6-2-laengsabschiebeentstapelungen\/thumbs\/thumbs_laengsabschiebeentstapelung_3.jpg\"\n               data-image-id=\"420\"\n               data-title=\"laengsabschiebeentstapelung_3\"\n               data-description=\"\"\n               data-image-slug=\"laengsabschiebeentstapelung_3\"\n               class=\"ngg-simplelightbox\" rel=\"2743ae5b877078bb0032c1a0837a6266\">\n                <img class=\"colorbox-412\" \n                    title=\"laengsabschiebeentstapelung_3\"\n                    alt=\"laengsabschiebeentstapelung_3\"\n                    src=\"https:\/\/hit-maschinenbau.de\/wp-content\/gallery\/3-6-2-laengsabschiebeentstapelungen\/thumbs\/thumbs_laengsabschiebeentstapelung_3.jpg\"\n                    width=\"210\"\n                    height=\"139\"\n                    style=\"max-width:100%;\"\n                \/>\n            <\/a>\n        <\/div>\n\t\t\t\t\t\t\t<\/div> \n\t\t\t\n\t\t\t\t<div id=\"ngg-image-2\" class=\"ngg-gallery-thumbnail-box \" >\n\t\t\t\t        <div class=\"ngg-gallery-thumbnail\">\n            <a href=\"https:\/\/hit-maschinenbau.de\/wp-content\/gallery\/3-6-2-laengsabschiebeentstapelungen\/laengsabschiebeentstapelung_4.jpg\"\n               title=\"\"\n               data-src=\"https:\/\/hit-maschinenbau.de\/wp-content\/gallery\/3-6-2-laengsabschiebeentstapelungen\/laengsabschiebeentstapelung_4.jpg\"\n               data-thumbnail=\"https:\/\/hit-maschinenbau.de\/wp-content\/gallery\/3-6-2-laengsabschiebeentstapelungen\/thumbs\/thumbs_laengsabschiebeentstapelung_4.jpg\"\n               data-image-id=\"421\"\n               data-title=\"laengsabschiebeentstapelung_4\"\n               data-description=\"\"\n               data-image-slug=\"laengsabschiebeentstapelung_4\"\n               class=\"ngg-simplelightbox\" rel=\"2743ae5b877078bb0032c1a0837a6266\">\n                <img class=\"colorbox-412\" \n                    title=\"laengsabschiebeentstapelung_4\"\n                    alt=\"laengsabschiebeentstapelung_4\"\n                    src=\"https:\/\/hit-maschinenbau.de\/wp-content\/gallery\/3-6-2-laengsabschiebeentstapelungen\/thumbs\/thumbs_laengsabschiebeentstapelung_4.jpg\"\n                    width=\"210\"\n                    height=\"139\"\n                    style=\"max-width:100%;\"\n                \/>\n            <\/a>\n        <\/div>\n\t\t\t\t\t\t\t<\/div> \n\t\t\t\n\t\n\t<br style=\"clear: both\" \/>\n\n\t\n\t\t<!-- Pagination -->\n\t<div class='ngg-clear'><\/div>\t<\/div>\n<br \/>\n  <\/p>","protected":false},"excerpt":{"rendered":"<\/p>\n<p> L\u00e4ngsabschiebeentstapelungen <\/p>\n<p>L\u00e4ngsabschiebeentstapelungen schieben die oberste Lage eines Paketes in L\u00e4ngsrichtung auf die nachfolgende Mechanisierung ab.\u00a0Evtl. vorhandene Zwischenlatten und Kanth\u00f6lzer (bei Mehrfachpaketen) k\u00f6nnen mit dem optionalen Lattenabstreifer abgeschoben werden.<\/p>\n<p>&nbsp;<\/p>\n<p> [&#8230;]<\/p>\n","protected":false},"author":4,"featured_media":0,"parent":354,"menu_order":8,"comment_status":"closed","ping_status":"closed","template":"","meta":{"ngg_post_thumbnail":0},"_links":{"self":[{"href":"https:\/\/hit-maschinenbau.de\/index.php\/wp-json\/wp\/v2\/pages\/412"}],"collection":[{"href":"https:\/\/hit-maschinenbau.de\/index.php\/wp-json\/wp\/v2\/pages"}],"about":[{"href":"https:\/\/hit-maschinenbau.de\/index.php\/wp-json\/wp\/v2\/types\/page"}],"author":[{"embeddable":true,"href":"https:\/\/hit-maschinenbau.de\/index.php\/wp-json\/wp\/v2\/users\/4"}],"replies":[{"embeddable":true,"href":"https:\/\/hit-maschinenbau.de\/index.php\/wp-json\/wp\/v2\/comments?post=412"}],"version-history":[{"count":13,"href":"https:\/\/hit-maschinenbau.de\/index.php\/wp-json\/wp\/v2\/pages\/412\/revisions"}],"predecessor-version":[{"id":3321,"href":"https:\/\/hit-maschinenbau.de\/index.php\/wp-json\/wp\/v2\/pages\/412\/revisions\/3321"}],"up":[{"embeddable":true,"href":"https:\/\/hit-maschinenbau.de\/index.php\/wp-json\/wp\/v2\/pages\/354"}],"wp:attachment":[{"href":"https:\/\/hit-maschinenbau.de\/index.php\/wp-json\/wp\/v2\/media?parent=412"}],"curies":[{"name":"wp","href":"https:\/\/api.w.org\/{rel}","templated":true}]}}