{"id":415,"date":"2013-03-21T13:23:22","date_gmt":"2013-03-21T11:23:22","guid":{"rendered":"http:\/\/www.hit-maschinenbau.de\/?page_id=415"},"modified":"2015-04-29T15:23:36","modified_gmt":"2015-04-29T13:23:36","slug":"vakuumentstapelungen","status":"publish","type":"page","link":"https:\/\/hit-maschinenbau.de\/index.php\/leimholztechnik\/hobelbeschickungen\/vakuumentstapelungen\/","title":{"rendered":"Vakuumentstapelungen"},"content":{"rendered":"<p><\/p>\n<h2>Vakuumentstapelungen<\/h2>\n<p>Vakuumentstapelungen heben die oberste Lage eines Paketes mit Vakuum-Saugbalken an und legen diese auf der nachfolgenden Mechanisierung ab. Die Saugbalken k\u00f6nnen hierf\u00fcr, je nach Ausf\u00fchrung in Quer- oder L\u00e4ngsrichtung verfahren.\u00a0Evtl. vorhandene Zwischenlatten und Kanth\u00f6lzer (bei Mehrfachpaketen) k\u00f6nnen mit dem optionalen Lattenabstreifer abgeschoben werden.<\/p>\n<p>&nbsp;<\/p>\n<p>Zur Verk\u00fcrzung der Paketwechselzeiten lassen sich unsere Vakuumentstapelungen optional mit einem Zwischenhub ausr\u00fcsten. Der Zwischenhub \u00fcbernimmt das Paket von der Haupt- Hub- Senkeinrichtung, so dass diese bereits auf \u00dcbernahmeposition f\u00fcr ein neues Paket fahren kann.<\/p>\n<p>&nbsp;<\/p>\n<p><strong>Zu unserem Lieferumfang geh\u00f6ren:<\/strong><\/p>\n<p>&nbsp;<\/p>\n<ul>\n<li>Vakuumentstapelungen mit Lattenabstreifer f\u00fcr zwischengelattete Pakete<\/li>\n<li>Vakuumentstapelungen f\u00fcr Pakete ohne Latten<\/li>\n<li>Vakuumentstapelungen f\u00fcr Ein- oder Mehrfachpakete<\/li>\n<li>Vakuumentstapelungen mit angeschlossener Lattenmanipulation<\/li>\n<\/ul>\n<p><!-- default-view.php -->\n<div\n\tclass=\"ngg-galleryoverview default-view \"\n\tid=\"ngg-gallery-6bdcf619f3a772d04b47363b41ffc5f6-1\">\n\n\t\t<!-- Thumbnails -->\n\t\t\t\t<div id=\"ngg-image-0\" class=\"ngg-gallery-thumbnail-box \" >\n\t\t\t\t        <div class=\"ngg-gallery-thumbnail\">\n            <a href=\"https:\/\/hit-maschinenbau.de\/wp-content\/gallery\/3-6-1-vakuumentstapelungen\/vakuumentstapelungen_1.jpg\"\n               title=\"\"\n               data-src=\"https:\/\/hit-maschinenbau.de\/wp-content\/gallery\/3-6-1-vakuumentstapelungen\/vakuumentstapelungen_1.jpg\"\n               data-thumbnail=\"https:\/\/hit-maschinenbau.de\/wp-content\/gallery\/3-6-1-vakuumentstapelungen\/thumbs\/thumbs_vakuumentstapelungen_1.jpg\"\n               data-image-id=\"416\"\n               data-title=\"vakuumentstapelungen_1\"\n               data-description=\"\"\n               data-image-slug=\"vakuumentstapelungen_1\"\n               class=\"ngg-simplelightbox\" rel=\"6bdcf619f3a772d04b47363b41ffc5f6\">\n                <img class=\"colorbox-415\" \n                    title=\"vakuumentstapelungen_1\"\n                    alt=\"vakuumentstapelungen_1\"\n                    src=\"https:\/\/hit-maschinenbau.de\/wp-content\/gallery\/3-6-1-vakuumentstapelungen\/thumbs\/thumbs_vakuumentstapelungen_1.jpg\"\n                    width=\"210\"\n                    height=\"157\"\n                    style=\"max-width:100%;\"\n                \/>\n            <\/a>\n        <\/div>\n\t\t\t\t\t\t\t<\/div> \n\t\t\t\n\t\t\t\t<div id=\"ngg-image-1\" class=\"ngg-gallery-thumbnail-box \" >\n\t\t\t\t        <div class=\"ngg-gallery-thumbnail\">\n            <a href=\"https:\/\/hit-maschinenbau.de\/wp-content\/gallery\/3-6-1-vakuumentstapelungen\/vakuumentstapelungen_2.jpg\"\n               title=\"\"\n               data-src=\"https:\/\/hit-maschinenbau.de\/wp-content\/gallery\/3-6-1-vakuumentstapelungen\/vakuumentstapelungen_2.jpg\"\n               data-thumbnail=\"https:\/\/hit-maschinenbau.de\/wp-content\/gallery\/3-6-1-vakuumentstapelungen\/thumbs\/thumbs_vakuumentstapelungen_2.jpg\"\n               data-image-id=\"417\"\n               data-title=\"vakuumentstapelungen_2\"\n               data-description=\"\"\n               data-image-slug=\"vakuumentstapelungen_2\"\n               class=\"ngg-simplelightbox\" rel=\"6bdcf619f3a772d04b47363b41ffc5f6\">\n                <img class=\"colorbox-415\" \n                    title=\"vakuumentstapelungen_2\"\n                    alt=\"vakuumentstapelungen_2\"\n                    src=\"https:\/\/hit-maschinenbau.de\/wp-content\/gallery\/3-6-1-vakuumentstapelungen\/thumbs\/thumbs_vakuumentstapelungen_2.jpg\"\n                    width=\"210\"\n                    height=\"157\"\n                    style=\"max-width:100%;\"\n                \/>\n            <\/a>\n        <\/div>\n\t\t\t\t\t\t\t<\/div> \n\t\t\t\n\t\n\t<br style=\"clear: both\" \/>\n\n\t\n\t\t<!-- Pagination -->\n\t<div class='ngg-clear'><\/div>\t<\/div>\n<br \/>\n  <\/p>","protected":false},"excerpt":{"rendered":"<\/p>\n<p> Vakuumentstapelungen <\/p>\n<p>Vakuumentstapelungen heben die oberste Lage eines Paketes mit Vakuum-Saugbalken an und legen diese auf der nachfolgenden Mechanisierung ab. Die Saugbalken k\u00f6nnen hierf\u00fcr, je nach Ausf\u00fchrung in Quer- oder [&#8230;]<\/p>\n","protected":false},"author":4,"featured_media":0,"parent":354,"menu_order":7,"comment_status":"closed","ping_status":"closed","template":"","meta":{"ngg_post_thumbnail":0},"_links":{"self":[{"href":"https:\/\/hit-maschinenbau.de\/index.php\/wp-json\/wp\/v2\/pages\/415"}],"collection":[{"href":"https:\/\/hit-maschinenbau.de\/index.php\/wp-json\/wp\/v2\/pages"}],"about":[{"href":"https:\/\/hit-maschinenbau.de\/index.php\/wp-json\/wp\/v2\/types\/page"}],"author":[{"embeddable":true,"href":"https:\/\/hit-maschinenbau.de\/index.php\/wp-json\/wp\/v2\/users\/4"}],"replies":[{"embeddable":true,"href":"https:\/\/hit-maschinenbau.de\/index.php\/wp-json\/wp\/v2\/comments?post=415"}],"version-history":[{"count":13,"href":"https:\/\/hit-maschinenbau.de\/index.php\/wp-json\/wp\/v2\/pages\/415\/revisions"}],"predecessor-version":[{"id":3320,"href":"https:\/\/hit-maschinenbau.de\/index.php\/wp-json\/wp\/v2\/pages\/415\/revisions\/3320"}],"up":[{"embeddable":true,"href":"https:\/\/hit-maschinenbau.de\/index.php\/wp-json\/wp\/v2\/pages\/354"}],"wp:attachment":[{"href":"https:\/\/hit-maschinenbau.de\/index.php\/wp-json\/wp\/v2\/media?parent=415"}],"curies":[{"name":"wp","href":"https:\/\/api.w.org\/{rel}","templated":true}]}}