{"id":423,"date":"2013-03-21T13:25:30","date_gmt":"2013-03-21T11:25:30","guid":{"rendered":"http:\/\/www.hit-maschinenbau.de\/?page_id=423"},"modified":"2015-04-29T16:06:17","modified_gmt":"2015-04-29T14:06:17","slug":"lagersysteme-und-handlinggeraete","status":"publish","type":"page","link":"https:\/\/hit-maschinenbau.de\/index.php\/leimholztechnik\/kommissionieren\/lagersysteme-und-handlinggeraete\/","title":{"rendered":"Lagersysteme und Handlingger\u00e4te"},"content":{"rendered":"<p><\/p>\n<h2>Lagersysteme und Handlingger\u00e4te<\/h2>\n<p>Unsere Lagersysteme erlauben eine flexible Ein- und Auslagerung von Teilen w\u00e4hrend oder auch entkoppelt von der laufenden Produktion.\u00a0Wir garantieren mit unseren Manipulationsger\u00e4ten k\u00fcrzeste Zugriffszeiten und erm\u00f6glichen so einen kontinuierlichen Produktionsfluss.<\/p>\n<p>&nbsp;<\/p>\n<p><strong>Zu unserem Lieferumfang geh\u00f6ren:<\/strong><\/p>\n<p>&nbsp;<\/p>\n<ul>\n<li>Komplette Manipulationsger\u00e4te mit Portalen zum Greifen von Einzelst\u00fccken, Chargen und Paketen<\/li>\n<li>Regalbedienger\u00e4te<\/li>\n<li>Rungenlager<\/li>\n<li>Fl\u00e4chenblocklager<\/li>\n<li>Kassettenlager<\/li>\n<li>Regallager<\/li>\n<\/ul>\n<p><!-- default-view.php -->\n<div\n\tclass=\"ngg-galleryoverview default-view \"\n\tid=\"ngg-gallery-47f058686ca083386c485de10f34e6c8-1\">\n\n\t\t<!-- Thumbnails -->\n\t\t\t\t<div id=\"ngg-image-0\" class=\"ngg-gallery-thumbnail-box \" >\n\t\t\t\t        <div class=\"ngg-gallery-thumbnail\">\n            <a href=\"https:\/\/hit-maschinenbau.de\/wp-content\/gallery\/3-8-2-lagersysteme-und-handlinggeraete\/lagersysteme-und-handlinggeraete_2.jpg\"\n               title=\"\"\n               data-src=\"https:\/\/hit-maschinenbau.de\/wp-content\/gallery\/3-8-2-lagersysteme-und-handlinggeraete\/lagersysteme-und-handlinggeraete_2.jpg\"\n               data-thumbnail=\"https:\/\/hit-maschinenbau.de\/wp-content\/gallery\/3-8-2-lagersysteme-und-handlinggeraete\/thumbs\/thumbs_lagersysteme-und-handlinggeraete_2.jpg\"\n               data-image-id=\"452\"\n               data-title=\"lagersysteme-und-handlinggeraete_2\"\n               data-description=\"\"\n               data-image-slug=\"lagersysteme-und-handlinggeraete_2\"\n               class=\"ngg-simplelightbox\" rel=\"47f058686ca083386c485de10f34e6c8\">\n                <img class=\"colorbox-423\" \n                    title=\"lagersysteme-und-handlinggeraete_2\"\n                    alt=\"lagersysteme-und-handlinggeraete_2\"\n                    src=\"https:\/\/hit-maschinenbau.de\/wp-content\/gallery\/3-8-2-lagersysteme-und-handlinggeraete\/thumbs\/thumbs_lagersysteme-und-handlinggeraete_2.jpg\"\n                    width=\"210\"\n                    height=\"157\"\n                    style=\"max-width:100%;\"\n                \/>\n            <\/a>\n        <\/div>\n\t\t\t\t\t\t\t<\/div> \n\t\t\t\n\t\t\t\t<div id=\"ngg-image-1\" class=\"ngg-gallery-thumbnail-box \" >\n\t\t\t\t        <div class=\"ngg-gallery-thumbnail\">\n            <a href=\"https:\/\/hit-maschinenbau.de\/wp-content\/gallery\/3-8-2-lagersysteme-und-handlinggeraete\/lagersysteme-und-handlinggeraete_6.jpg\"\n               title=\"\"\n               data-src=\"https:\/\/hit-maschinenbau.de\/wp-content\/gallery\/3-8-2-lagersysteme-und-handlinggeraete\/lagersysteme-und-handlinggeraete_6.jpg\"\n               data-thumbnail=\"https:\/\/hit-maschinenbau.de\/wp-content\/gallery\/3-8-2-lagersysteme-und-handlinggeraete\/thumbs\/thumbs_lagersysteme-und-handlinggeraete_6.jpg\"\n               data-image-id=\"456\"\n               data-title=\"lagersysteme-und-handlinggeraete_6\"\n               data-description=\"\"\n               data-image-slug=\"lagersysteme-und-handlinggeraete_6\"\n               class=\"ngg-simplelightbox\" rel=\"47f058686ca083386c485de10f34e6c8\">\n                <img class=\"colorbox-423\" \n                    title=\"lagersysteme-und-handlinggeraete_6\"\n                    alt=\"lagersysteme-und-handlinggeraete_6\"\n                    src=\"https:\/\/hit-maschinenbau.de\/wp-content\/gallery\/3-8-2-lagersysteme-und-handlinggeraete\/thumbs\/thumbs_lagersysteme-und-handlinggeraete_6.jpg\"\n                    width=\"210\"\n                    height=\"157\"\n                    style=\"max-width:100%;\"\n                \/>\n            <\/a>\n        <\/div>\n\t\t\t\t\t\t\t<\/div> \n\t\t\t\n\t\t\t\t<div id=\"ngg-image-2\" class=\"ngg-gallery-thumbnail-box \" >\n\t\t\t\t        <div class=\"ngg-gallery-thumbnail\">\n            <a href=\"https:\/\/hit-maschinenbau.de\/wp-content\/gallery\/3-8-2-lagersysteme-und-handlinggeraete\/lagersysteme-und-handlinggeraete_7.jpg\"\n               title=\"\"\n               data-src=\"https:\/\/hit-maschinenbau.de\/wp-content\/gallery\/3-8-2-lagersysteme-und-handlinggeraete\/lagersysteme-und-handlinggeraete_7.jpg\"\n               data-thumbnail=\"https:\/\/hit-maschinenbau.de\/wp-content\/gallery\/3-8-2-lagersysteme-und-handlinggeraete\/thumbs\/thumbs_lagersysteme-und-handlinggeraete_7.jpg\"\n               data-image-id=\"457\"\n               data-title=\"lagersysteme-und-handlinggeraete_7\"\n               data-description=\"\"\n               data-image-slug=\"lagersysteme-und-handlinggeraete_7\"\n               class=\"ngg-simplelightbox\" rel=\"47f058686ca083386c485de10f34e6c8\">\n                <img class=\"colorbox-423\" \n                    title=\"lagersysteme-und-handlinggeraete_7\"\n                    alt=\"lagersysteme-und-handlinggeraete_7\"\n                    src=\"https:\/\/hit-maschinenbau.de\/wp-content\/gallery\/3-8-2-lagersysteme-und-handlinggeraete\/thumbs\/thumbs_lagersysteme-und-handlinggeraete_7.jpg\"\n                    width=\"210\"\n                    height=\"157\"\n                    style=\"max-width:100%;\"\n                \/>\n            <\/a>\n        <\/div>\n\t\t\t\t\t\t\t<\/div> \n\t\t\t\n\t\n\t<br style=\"clear: both\" \/>\n\n\t\n\t\t<!-- Pagination -->\n\t<div class='ngg-clear'><\/div>\t<\/div>\n<br \/>\n  <\/p>","protected":false},"excerpt":{"rendered":"<\/p>\n<p> Lagersysteme und Handlingger\u00e4te <\/p>\n<p>Unsere Lagersysteme erlauben eine flexible Ein- und Auslagerung von Teilen w\u00e4hrend oder auch entkoppelt von der laufenden Produktion.\u00a0Wir garantieren mit unseren Manipulationsger\u00e4ten k\u00fcrzeste Zugriffszeiten und erm\u00f6glichen [&#8230;]<\/p>\n","protected":false},"author":4,"featured_media":0,"parent":358,"menu_order":34,"comment_status":"closed","ping_status":"closed","template":"","meta":{"ngg_post_thumbnail":0},"_links":{"self":[{"href":"https:\/\/hit-maschinenbau.de\/index.php\/wp-json\/wp\/v2\/pages\/423"}],"collection":[{"href":"https:\/\/hit-maschinenbau.de\/index.php\/wp-json\/wp\/v2\/pages"}],"about":[{"href":"https:\/\/hit-maschinenbau.de\/index.php\/wp-json\/wp\/v2\/types\/page"}],"author":[{"embeddable":true,"href":"https:\/\/hit-maschinenbau.de\/index.php\/wp-json\/wp\/v2\/users\/4"}],"replies":[{"embeddable":true,"href":"https:\/\/hit-maschinenbau.de\/index.php\/wp-json\/wp\/v2\/comments?post=423"}],"version-history":[{"count":13,"href":"https:\/\/hit-maschinenbau.de\/index.php\/wp-json\/wp\/v2\/pages\/423\/revisions"}],"predecessor-version":[{"id":3329,"href":"https:\/\/hit-maschinenbau.de\/index.php\/wp-json\/wp\/v2\/pages\/423\/revisions\/3329"}],"up":[{"embeddable":true,"href":"https:\/\/hit-maschinenbau.de\/index.php\/wp-json\/wp\/v2\/pages\/358"}],"wp:attachment":[{"href":"https:\/\/hit-maschinenbau.de\/index.php\/wp-json\/wp\/v2\/media?parent=423"}],"curies":[{"name":"wp","href":"https:\/\/api.w.org\/{rel}","templated":true}]}}