{"id":427,"date":"2013-03-21T13:26:19","date_gmt":"2013-03-21T11:26:19","guid":{"rendered":"http:\/\/www.hit-maschinenbau.de\/?page_id=427"},"modified":"2015-04-29T15:40:38","modified_gmt":"2015-04-29T13:40:38","slug":"ein-und-mehrfachablaengsaegen","status":"publish","type":"page","link":"https:\/\/hit-maschinenbau.de\/index.php\/leimholztechnik\/kommissionieren\/ein-und-mehrfachablaengsaegen\/","title":{"rendered":"Ein- und Mehrfachabl\u00e4ngs\u00e4gen"},"content":{"rendered":"<p><\/p>\n<h2>Ein- und Mehrfachabl\u00e4ngs\u00e4gen<\/h2>\n<p>Unsere Abl\u00e4ngs\u00e4gen garantieren durch ihre robuste Ausf\u00fchrung und ihr exaktes Positioniersystems einen millimetergenauen Zuschnitt.\u00a0Unser Lieferumfang umfasst verschiedene Systeme. Wir unterscheiden zum einen in <strong>Querkapps\u00e4gen<\/strong>, die die Ware im Querdurchlauf auftrennen und zum anderen in <strong>L\u00e4ngskapps\u00e4gen<\/strong>, in denen die Ware in L\u00e4ngsrichtung positioniert und auf Solll\u00e4nge gekappt wird.<\/p>\n<p>&nbsp;<\/p>\n<p>Querkapps\u00e4gen k\u00f6nnen als Einzelst\u00fcck- oder Lagenkapps\u00e4gen ausgef\u00fchrt werden. Sie eignen sich vor allem f\u00fcr Fertigungen von gr\u00f6\u00dferen Chargen die aus gleichen Teilen bestehen. Unsere Querkapps\u00e4gen werden, in Abh\u00e4ngigkeit der zu erzeugenden Kappst\u00fccke mit der entsprechenden Anzahl an S\u00e4geaggregaten ausger\u00fcstet. Angetriebene Oberdruckeinheiten \u00fcber jedem S\u00e4geaggregat sorgen f\u00fcr eine sichere F\u00fchrung der H\u00f6lzer durch die S\u00e4ge.<\/p>\n<p>&nbsp;<\/p>\n<p>L\u00e4ngskapps\u00e4gen k\u00f6nnen entweder mit einem Positionieranschlag ausgef\u00fchrt werden, gegen den das zu kappende Holz positioniert wird, oder mit einer Positionierzange, die das Holz am hinteren Ende greift und durch die S\u00e4ge schiebt. Zur Erh\u00f6hung der S\u00e4genleistung k\u00f6nnen mit einer Positionierzange mehrere H\u00f6lzer gleichzeitig gegriffen und durch die S\u00e4ge gefahren werden. L\u00e4ngskapps\u00e4gen werden eingesetzt, wenn ein Maximum an Flexibilit\u00e4t gefordert ist.<\/p>\n<p>&nbsp;<\/p>\n<p><strong>Zu unserem Lieferumfang geh\u00f6ren:<\/strong><\/p>\n<p>&nbsp;<\/p>\n<ul>\n<li>Abl\u00e4ngs\u00e4gen im L\u00e4ngsdurchlauf mit Positionieranschlag f\u00fcr Einzelstangen<\/li>\n<li>Abl\u00e4ngs\u00e4gen im L\u00e4ngsdurchlauf mit Positionierzange f\u00fcr Einzelstangen oder Chargen<\/li>\n<li>Querkapps\u00e4gen f\u00fcr Einzelstangen<\/li>\n<li>Querkapps\u00e4gen f\u00fcr Chargen<\/li>\n<\/ul>\n<p>&nbsp;<\/p>\n<table border=\"0\">\n<tbody>\n<tr>\n<td><\/td>\n<td>Holzbreite\u00a0<span>(min \u2013 max)<\/span><\/td>\n<td>Holzst\u00e4rke\u00a0<span>(min \u2013 max)<\/span><\/td>\n<td>Anzahl Schnitte \/ Minute<\/td>\n<td>Positioniergenauigkeit<\/td>\n<\/tr>\n<tr>\n<td>Abl\u00e4ngs\u00e4ge L\u00e4ngsdurchlauf mit Positionieranschlag \/ mit Positionierzange<\/td>\n<td>80 \u2013 1320 mm<\/td>\n<td>40 \u2013 310 mm<\/td>\n<td>Querschnittsabh\u00e4ngig bis zu 5 Schnitten \/ Minute<\/td>\n<td>+\/- 1 mm bei 10 m<\/td>\n<\/tr>\n<tr>\n<td>Querkapps\u00e4gen f\u00fcr Einzelstangen<\/td>\n<td>80 \u2013 1320 mm<\/td>\n<td>40 \u2013 310 mm<\/td>\n<td>Querschnittsabh\u00e4ngig bis zu 15 Schnitten \/ Minute<\/td>\n<td>+\/- 1 mm<\/td>\n<\/tr>\n<tr>\n<td>Querkapps\u00e4gen f\u00fcr Chargen<\/td>\n<td>400 \u2013 1320 mm<\/td>\n<td>40 \u2013 310 mm<\/td>\n<td>Querschnittsabh\u00e4ngig bis zu 5 Chargen \/ Minute<\/td>\n<td>+\/- 1 mm<\/td>\n<\/tr>\n<\/tbody>\n<\/table>\n<p><!-- default-view.php -->\n<div\n\tclass=\"ngg-galleryoverview default-view \"\n\tid=\"ngg-gallery-3a873efbb635730382e87d0c8492c83f-1\">\n\n\t\t<!-- Thumbnails -->\n\t\t\t\t<div id=\"ngg-image-0\" class=\"ngg-gallery-thumbnail-box \" >\n\t\t\t\t        <div class=\"ngg-gallery-thumbnail\">\n            <a href=\"https:\/\/hit-maschinenbau.de\/wp-content\/gallery\/3-8-1-ein-und-mehrfachablaengsaegen\/ein-und-mehrfachablaengsaegen_1.jpg\"\n               title=\"\"\n               data-src=\"https:\/\/hit-maschinenbau.de\/wp-content\/gallery\/3-8-1-ein-und-mehrfachablaengsaegen\/ein-und-mehrfachablaengsaegen_1.jpg\"\n               data-thumbnail=\"https:\/\/hit-maschinenbau.de\/wp-content\/gallery\/3-8-1-ein-und-mehrfachablaengsaegen\/thumbs\/thumbs_ein-und-mehrfachablaengsaegen_1.jpg\"\n               data-image-id=\"441\"\n               data-title=\"ein-und-mehrfachablaengsaegen_1\"\n               data-description=\"\"\n               data-image-slug=\"ein-und-mehrfachablaengsaegen_1\"\n               class=\"ngg-simplelightbox\" rel=\"3a873efbb635730382e87d0c8492c83f\">\n                <img class=\"colorbox-427\" \n                    title=\"ein-und-mehrfachablaengsaegen_1\"\n                    alt=\"ein-und-mehrfachablaengsaegen_1\"\n                    src=\"https:\/\/hit-maschinenbau.de\/wp-content\/gallery\/3-8-1-ein-und-mehrfachablaengsaegen\/thumbs\/thumbs_ein-und-mehrfachablaengsaegen_1.jpg\"\n                    width=\"210\"\n                    height=\"157\"\n                    style=\"max-width:100%;\"\n                \/>\n            <\/a>\n        <\/div>\n\t\t\t\t\t\t\t<\/div> \n\t\t\t\n\t\t\t\t<div id=\"ngg-image-1\" class=\"ngg-gallery-thumbnail-box \" >\n\t\t\t\t        <div class=\"ngg-gallery-thumbnail\">\n            <a href=\"https:\/\/hit-maschinenbau.de\/wp-content\/gallery\/3-8-1-ein-und-mehrfachablaengsaegen\/ein-und-mehrfachablaengsaegen_5.jpg\"\n               title=\"\"\n               data-src=\"https:\/\/hit-maschinenbau.de\/wp-content\/gallery\/3-8-1-ein-und-mehrfachablaengsaegen\/ein-und-mehrfachablaengsaegen_5.jpg\"\n               data-thumbnail=\"https:\/\/hit-maschinenbau.de\/wp-content\/gallery\/3-8-1-ein-und-mehrfachablaengsaegen\/thumbs\/thumbs_ein-und-mehrfachablaengsaegen_5.jpg\"\n               data-image-id=\"445\"\n               data-title=\"ein-und-mehrfachablaengsaegen_5\"\n               data-description=\"\"\n               data-image-slug=\"ein-und-mehrfachablaengsaegen_5\"\n               class=\"ngg-simplelightbox\" rel=\"3a873efbb635730382e87d0c8492c83f\">\n                <img class=\"colorbox-427\" \n                    title=\"ein-und-mehrfachablaengsaegen_5\"\n                    alt=\"ein-und-mehrfachablaengsaegen_5\"\n                    src=\"https:\/\/hit-maschinenbau.de\/wp-content\/gallery\/3-8-1-ein-und-mehrfachablaengsaegen\/thumbs\/thumbs_ein-und-mehrfachablaengsaegen_5.jpg\"\n                    width=\"210\"\n                    height=\"157\"\n                    style=\"max-width:100%;\"\n                \/>\n            <\/a>\n        <\/div>\n\t\t\t\t\t\t\t<\/div> \n\t\t\t\n\t\t\t\t<div id=\"ngg-image-2\" class=\"ngg-gallery-thumbnail-box \" >\n\t\t\t\t        <div class=\"ngg-gallery-thumbnail\">\n            <a href=\"https:\/\/hit-maschinenbau.de\/wp-content\/gallery\/3-8-1-ein-und-mehrfachablaengsaegen\/ein-und-mehrfachablaengsaegen_9.jpg\"\n               title=\"\"\n               data-src=\"https:\/\/hit-maschinenbau.de\/wp-content\/gallery\/3-8-1-ein-und-mehrfachablaengsaegen\/ein-und-mehrfachablaengsaegen_9.jpg\"\n               data-thumbnail=\"https:\/\/hit-maschinenbau.de\/wp-content\/gallery\/3-8-1-ein-und-mehrfachablaengsaegen\/thumbs\/thumbs_ein-und-mehrfachablaengsaegen_9.jpg\"\n               data-image-id=\"449\"\n               data-title=\"ein-und-mehrfachablaengsaegen_9\"\n               data-description=\"\"\n               data-image-slug=\"ein-und-mehrfachablaengsaegen_9\"\n               class=\"ngg-simplelightbox\" rel=\"3a873efbb635730382e87d0c8492c83f\">\n                <img class=\"colorbox-427\" \n                    title=\"ein-und-mehrfachablaengsaegen_9\"\n                    alt=\"ein-und-mehrfachablaengsaegen_9\"\n                    src=\"https:\/\/hit-maschinenbau.de\/wp-content\/gallery\/3-8-1-ein-und-mehrfachablaengsaegen\/thumbs\/thumbs_ein-und-mehrfachablaengsaegen_9.jpg\"\n                    width=\"210\"\n                    height=\"118\"\n                    style=\"max-width:100%;\"\n                \/>\n            <\/a>\n        <\/div>\n\t\t\t\t\t\t\t<\/div> \n\t\t\t\n\t\n\t<br style=\"clear: both\" \/>\n\n\t\n\t\t<!-- Pagination -->\n\t<div class='ngg-clear'><\/div>\t<\/div>\n<br \/>\n  <\/p>","protected":false},"excerpt":{"rendered":"<\/p>\n<p> Ein- und Mehrfachabl\u00e4ngs\u00e4gen <\/p>\n<p>Unsere Abl\u00e4ngs\u00e4gen garantieren durch ihre robuste Ausf\u00fchrung und ihr exaktes Positioniersystems einen millimetergenauen Zuschnitt.\u00a0Unser Lieferumfang umfasst verschiedene Systeme. Wir unterscheiden zum einen in <strong>Querkapps\u00e4gen<\/strong>, die die [&#8230;]<\/p>\n","protected":false},"author":4,"featured_media":0,"parent":358,"menu_order":33,"comment_status":"closed","ping_status":"closed","template":"","meta":{"ngg_post_thumbnail":0},"_links":{"self":[{"href":"https:\/\/hit-maschinenbau.de\/index.php\/wp-json\/wp\/v2\/pages\/427"}],"collection":[{"href":"https:\/\/hit-maschinenbau.de\/index.php\/wp-json\/wp\/v2\/pages"}],"about":[{"href":"https:\/\/hit-maschinenbau.de\/index.php\/wp-json\/wp\/v2\/types\/page"}],"author":[{"embeddable":true,"href":"https:\/\/hit-maschinenbau.de\/index.php\/wp-json\/wp\/v2\/users\/4"}],"replies":[{"embeddable":true,"href":"https:\/\/hit-maschinenbau.de\/index.php\/wp-json\/wp\/v2\/comments?post=427"}],"version-history":[{"count":17,"href":"https:\/\/hit-maschinenbau.de\/index.php\/wp-json\/wp\/v2\/pages\/427\/revisions"}],"predecessor-version":[{"id":3328,"href":"https:\/\/hit-maschinenbau.de\/index.php\/wp-json\/wp\/v2\/pages\/427\/revisions\/3328"}],"up":[{"embeddable":true,"href":"https:\/\/hit-maschinenbau.de\/index.php\/wp-json\/wp\/v2\/pages\/358"}],"wp:attachment":[{"href":"https:\/\/hit-maschinenbau.de\/index.php\/wp-json\/wp\/v2\/media?parent=427"}],"curies":[{"name":"wp","href":"https:\/\/api.w.org\/{rel}","templated":true}]}}