{"id":432,"date":"2013-03-21T13:27:43","date_gmt":"2013-03-21T11:27:43","guid":{"rendered":"http:\/\/www.hit-maschinenbau.de\/?page_id=432"},"modified":"2015-04-29T16:06:49","modified_gmt":"2015-04-29T14:06:49","slug":"paketpressen-und-umreifungslinien","status":"publish","type":"page","link":"https:\/\/hit-maschinenbau.de\/index.php\/leimholztechnik\/verpacken\/paketpressen-und-umreifungslinien\/","title":{"rendered":"Paketpressen- und Umreifungslinien"},"content":{"rendered":"<p><\/p>\n<h2>Paketpressen- und Umreifungslinien<\/h2>\n<p>Unsere Paketpressen erm\u00f6glichen eine holzschonende Ausrichtung der einzelnen H\u00f6lzer im Paket, so dass eine gerade Au\u00dfenkontur der Pakete erzeugt werden kann.<\/p>\n<p>&nbsp;<\/p>\n<p>Mit einer anschlie\u00dfenden Paketumreifung k\u00f6nnen die Pakete zus\u00e4tzlich stabilisiert und gesichert werden.<\/p>\n<p>&nbsp;<\/p>\n<p>Selbstverst\u00e4ndlich integrieren wir als Systemlieferant Umreifungsmaschinen in unsere Anlagentechnik.<\/p>\n<p><!-- default-view.php -->\n<div\n\tclass=\"ngg-galleryoverview default-view \"\n\tid=\"ngg-gallery-352ef66b8354f85cfad9ead91f41c2d6-1\">\n\n\t\t<!-- Thumbnails -->\n\t\t\t\t<div id=\"ngg-image-0\" class=\"ngg-gallery-thumbnail-box \" >\n\t\t\t\t        <div class=\"ngg-gallery-thumbnail\">\n            <a href=\"https:\/\/hit-maschinenbau.de\/wp-content\/gallery\/3-9-1-paketpressen-und-umreifungslinien\/paketpressen-und-umreifungslinien_1.jpg\"\n               title=\"\"\n               data-src=\"https:\/\/hit-maschinenbau.de\/wp-content\/gallery\/3-9-1-paketpressen-und-umreifungslinien\/paketpressen-und-umreifungslinien_1.jpg\"\n               data-thumbnail=\"https:\/\/hit-maschinenbau.de\/wp-content\/gallery\/3-9-1-paketpressen-und-umreifungslinien\/thumbs\/thumbs_paketpressen-und-umreifungslinien_1.jpg\"\n               data-image-id=\"461\"\n               data-title=\"paketpressen-und-umreifungslinien_1\"\n               data-description=\"\"\n               data-image-slug=\"paketpressen-und-umreifungslinien_1\"\n               class=\"ngg-simplelightbox\" rel=\"352ef66b8354f85cfad9ead91f41c2d6\">\n                <img class=\"colorbox-432\" \n                    title=\"paketpressen-und-umreifungslinien_1\"\n                    alt=\"paketpressen-und-umreifungslinien_1\"\n                    src=\"https:\/\/hit-maschinenbau.de\/wp-content\/gallery\/3-9-1-paketpressen-und-umreifungslinien\/thumbs\/thumbs_paketpressen-und-umreifungslinien_1.jpg\"\n                    width=\"210\"\n                    height=\"157\"\n                    style=\"max-width:100%;\"\n                \/>\n            <\/a>\n        <\/div>\n\t\t\t\t\t\t\t<\/div> \n\t\t\t\n\t\t\t\t<div id=\"ngg-image-1\" class=\"ngg-gallery-thumbnail-box \" >\n\t\t\t\t        <div class=\"ngg-gallery-thumbnail\">\n            <a href=\"https:\/\/hit-maschinenbau.de\/wp-content\/gallery\/3-9-1-paketpressen-und-umreifungslinien\/paketpressen-und-umreifungslinien_2.jpg\"\n               title=\"\"\n               data-src=\"https:\/\/hit-maschinenbau.de\/wp-content\/gallery\/3-9-1-paketpressen-und-umreifungslinien\/paketpressen-und-umreifungslinien_2.jpg\"\n               data-thumbnail=\"https:\/\/hit-maschinenbau.de\/wp-content\/gallery\/3-9-1-paketpressen-und-umreifungslinien\/thumbs\/thumbs_paketpressen-und-umreifungslinien_2.jpg\"\n               data-image-id=\"462\"\n               data-title=\"paketpressen-und-umreifungslinien_2\"\n               data-description=\"\"\n               data-image-slug=\"paketpressen-und-umreifungslinien_2\"\n               class=\"ngg-simplelightbox\" rel=\"352ef66b8354f85cfad9ead91f41c2d6\">\n                <img class=\"colorbox-432\" \n                    title=\"paketpressen-und-umreifungslinien_2\"\n                    alt=\"paketpressen-und-umreifungslinien_2\"\n                    src=\"https:\/\/hit-maschinenbau.de\/wp-content\/gallery\/3-9-1-paketpressen-und-umreifungslinien\/thumbs\/thumbs_paketpressen-und-umreifungslinien_2.jpg\"\n                    width=\"210\"\n                    height=\"157\"\n                    style=\"max-width:100%;\"\n                \/>\n            <\/a>\n        <\/div>\n\t\t\t\t\t\t\t<\/div> \n\t\t\t\n\t\n\t<br style=\"clear: both\" \/>\n\n\t\n\t\t<!-- Pagination -->\n\t<div class='ngg-clear'><\/div>\t<\/div>\n<br \/>\n  <\/p>","protected":false},"excerpt":{"rendered":"<\/p>\n<p> Paketpressen- und Umreifungslinien <\/p>\n<p>Unsere Paketpressen erm\u00f6glichen eine holzschonende Ausrichtung der einzelnen H\u00f6lzer im Paket, so dass eine gerade Au\u00dfenkontur der Pakete erzeugt werden kann.<\/p>\n<p>&nbsp;<\/p>\n<p>Mit einer anschlie\u00dfenden Paketumreifung [&#8230;]<\/p>\n","protected":false},"author":4,"featured_media":0,"parent":360,"menu_order":36,"comment_status":"closed","ping_status":"closed","template":"","meta":{"ngg_post_thumbnail":0},"_links":{"self":[{"href":"https:\/\/hit-maschinenbau.de\/index.php\/wp-json\/wp\/v2\/pages\/432"}],"collection":[{"href":"https:\/\/hit-maschinenbau.de\/index.php\/wp-json\/wp\/v2\/pages"}],"about":[{"href":"https:\/\/hit-maschinenbau.de\/index.php\/wp-json\/wp\/v2\/types\/page"}],"author":[{"embeddable":true,"href":"https:\/\/hit-maschinenbau.de\/index.php\/wp-json\/wp\/v2\/users\/4"}],"replies":[{"embeddable":true,"href":"https:\/\/hit-maschinenbau.de\/index.php\/wp-json\/wp\/v2\/comments?post=432"}],"version-history":[{"count":12,"href":"https:\/\/hit-maschinenbau.de\/index.php\/wp-json\/wp\/v2\/pages\/432\/revisions"}],"predecessor-version":[{"id":3332,"href":"https:\/\/hit-maschinenbau.de\/index.php\/wp-json\/wp\/v2\/pages\/432\/revisions\/3332"}],"up":[{"embeddable":true,"href":"https:\/\/hit-maschinenbau.de\/index.php\/wp-json\/wp\/v2\/pages\/360"}],"wp:attachment":[{"href":"https:\/\/hit-maschinenbau.de\/index.php\/wp-json\/wp\/v2\/media?parent=432"}],"curies":[{"name":"wp","href":"https:\/\/api.w.org\/{rel}","templated":true}]}}