{"id":65,"date":"2013-03-16T20:56:57","date_gmt":"2013-03-16T18:56:57","guid":{"rendered":"http:\/\/www.hit-maschinenbau.de\/?page_id=65"},"modified":"2022-07-05T12:14:44","modified_gmt":"2022-07-05T10:14:44","slug":"saegetechnik","status":"publish","type":"page","link":"https:\/\/hit-maschinenbau.de\/index.php\/saegetechnik\/","title":{"rendered":"S\u00e4getechnik"},"content":{"rendered":"<p><\/p>\n<h2>Mehr Effizienz im S\u00e4gewerk<\/h2>\n<h3>Steigerung der Produktivit\u00e4t durch automatisierte Produktionsabl\u00e4ufe<\/h3>\n<p>Ob Rundholzplatz, Nachschnittanlage, Brettersortierung oder Stapelung und Verpackung \u2013 wir bieten wirtschaftliche L\u00f6sungen f\u00fcr S\u00e4gewerke.<\/p>\n<p>&nbsp;<\/p>\n<p>Mit H.I.T. haben Sie einen erfahrenen Partner an Ihrer Seite, der mit eigenem Engineering Ihre Investitionsvorhaben zukunftssicher umsetzt. Unsere Technologiekompetenz spiegelt sich auch in der Produktion, der Montage und der Inbetriebnahme unserer Maschinen und Anlagen wider.<\/p>\n<p>&nbsp;<\/p>\n<p>Dar\u00fcber hinaus sind die Zuverl\u00e4ssigkeit unserer Anlagen, unsere Schulungen Ihrer Mitarbeiter und unser Service das Fundament f\u00fcr die Rentabilit\u00e4t Ihrer Investition.<\/p>\n<p>&nbsp;<\/p>\n<p>&nbsp;<br \/>\n<!-- default-view.php -->\n<div\n\tclass=\"ngg-galleryoverview default-view \"\n\tid=\"ngg-gallery-db9713a365335dda01a5cd8ff199a339-1\">\n\n\t\t<!-- Thumbnails -->\n\t\t\t\t<div id=\"ngg-image-0\" class=\"ngg-gallery-thumbnail-box \" >\n\t\t\t\t        <div class=\"ngg-gallery-thumbnail\">\n            <a href=\"https:\/\/hit-maschinenbau.de\/wp-content\/gallery\/1-saegetechnik\/bzb_ksm_qualitaestseinschnitt_mit_qsk_mechaisierung_53.jpg\"\n               title=\"\"\n               data-src=\"https:\/\/hit-maschinenbau.de\/wp-content\/gallery\/1-saegetechnik\/bzb_ksm_qualitaestseinschnitt_mit_qsk_mechaisierung_53.jpg\"\n               data-thumbnail=\"https:\/\/hit-maschinenbau.de\/wp-content\/gallery\/1-saegetechnik\/thumbs\/thumbs_bzb_ksm_qualitaestseinschnitt_mit_qsk_mechaisierung_53.jpg\"\n               data-image-id=\"226\"\n               data-title=\"bzb_ksm_qualitaestseinschnitt_mit_qsk_mechaisierung_53\"\n               data-description=\"\"\n               data-image-slug=\"bzb_ksm_qualitaestseinschnitt_mit_qsk_mechaisierung_53\"\n               class=\"ngg-simplelightbox\" rel=\"db9713a365335dda01a5cd8ff199a339\">\n                <img class=\"colorbox-65\" \n                    title=\"bzb_ksm_qualitaestseinschnitt_mit_qsk_mechaisierung_53\"\n                    alt=\"bzb_ksm_qualitaestseinschnitt_mit_qsk_mechaisierung_53\"\n                    src=\"https:\/\/hit-maschinenbau.de\/wp-content\/gallery\/1-saegetechnik\/thumbs\/thumbs_bzb_ksm_qualitaestseinschnitt_mit_qsk_mechaisierung_53.jpg\"\n                    width=\"210\"\n                    height=\"157\"\n                    style=\"max-width:100%;\"\n                \/>\n            <\/a>\n        <\/div>\n\t\t\t\t\t\t\t<\/div> \n\t\t\t\n\t\n\t<br style=\"clear: both\" \/>\n\n\t\n\t\t<!-- Pagination -->\n\t<div class='ngg-clear'><\/div>\t<\/div>\n<\/p>\n<p>&nbsp;<\/p>","protected":false},"excerpt":{"rendered":"<\/p>\n<p> Mehr Effizienz im S\u00e4gewerk Steigerung der Produktivit\u00e4t durch automatisierte Produktionsabl\u00e4ufe <\/p>\n<p>Ob Rundholzplatz, Nachschnittanlage, Brettersortierung oder Stapelung und Verpackung \u2013 wir bieten wirtschaftliche L\u00f6sungen f\u00fcr S\u00e4gewerke.<\/p>\n<p>&nbsp;<\/p>\n<p>Mit H.I.T. haben [&#8230;]<\/p>\n","protected":false},"author":4,"featured_media":0,"parent":0,"menu_order":40,"comment_status":"closed","ping_status":"closed","template":"","meta":{"ngg_post_thumbnail":0},"_links":{"self":[{"href":"https:\/\/hit-maschinenbau.de\/index.php\/wp-json\/wp\/v2\/pages\/65"}],"collection":[{"href":"https:\/\/hit-maschinenbau.de\/index.php\/wp-json\/wp\/v2\/pages"}],"about":[{"href":"https:\/\/hit-maschinenbau.de\/index.php\/wp-json\/wp\/v2\/types\/page"}],"author":[{"embeddable":true,"href":"https:\/\/hit-maschinenbau.de\/index.php\/wp-json\/wp\/v2\/users\/4"}],"replies":[{"embeddable":true,"href":"https:\/\/hit-maschinenbau.de\/index.php\/wp-json\/wp\/v2\/comments?post=65"}],"version-history":[{"count":143,"href":"https:\/\/hit-maschinenbau.de\/index.php\/wp-json\/wp\/v2\/pages\/65\/revisions"}],"predecessor-version":[{"id":4120,"href":"https:\/\/hit-maschinenbau.de\/index.php\/wp-json\/wp\/v2\/pages\/65\/revisions\/4120"}],"wp:attachment":[{"href":"https:\/\/hit-maschinenbau.de\/index.php\/wp-json\/wp\/v2\/media?parent=65"}],"curies":[{"name":"wp","href":"https:\/\/api.w.org\/{rel}","templated":true}]}}