{"id":72,"date":"2013-03-17T13:41:05","date_gmt":"2013-03-17T11:41:05","guid":{"rendered":"http:\/\/www.hit-maschinenbau.de\/?page_id=72"},"modified":"2015-11-17T13:56:49","modified_gmt":"2015-11-17T11:56:49","slug":"widerrufsrecht","status":"publish","type":"page","link":"https:\/\/hit-maschinenbau.de\/index.php\/widerrufsrecht\/","title":{"rendered":"Widerrufsrecht"},"content":{"rendered":"<p><\/p>\n<h2>Widerrufsrecht<\/h2>\n<p>Gem\u00e4\u00df geltendem Fernabsatzrecht weisen wir Sie hiermit ausdr\u00fccklich darauf hin, dass Verbraucher bei uns auf der Internetseite gekaufte Ware binnen 14 Tagen nach Erhalt ohne Angabe von Gr\u00fcnden an uns zur\u00fcckschicken k\u00f6nnen.<br \/>\nZur Wahrung dieser Frist gen\u00fcgt die rechtzeitige Absendung des Widerrufs per Mail, Brief oder Fax, oder die R\u00fccksendung der Ware. Der Kunde kann, wenn er Verbraucher ist, gem\u00e4\u00df geltendem Fernabsatzrecht nach \u00a7\u00a7 312b-e BGB die Ware ohne Angabe von Gr\u00fcnden innerhalb von 14 Tagen zur\u00fccksenden. Die Frist beginnt mit Erhalt der Ware.<\/p>\n<p>&nbsp;<\/p>\n<p><strong>Ausschluss des Widerrufsrecht f\u00fcr:<\/strong><br \/>\nDas Widerrufsrecht gilt nicht f\u00fcr Ware, die nach Kundenspezifikation angefertigt werden oder eindeutig auf die pers\u00f6nlichen Bed\u00fcrfnisse des Verbrauchers zugeschnitten sind.<\/p>\n<p>&nbsp;<\/p>\n<p><strong>Ihren Widerruf bzw. die R\u00fccksendung der Ware richten Sie bitte an:<\/strong><br \/>\nH.I.T. Maschinenbau GmbH + Co. KG<br \/>\nMASCHINEN- UND STEUERUNGSBAU F\u00dcR HOLZINDUSTRIETECHNIK<br \/>\nKapellenstr. 50 \u00b7 D-86833 Ettringen<\/p>\n<p>Tel. +49 (0) 82 49\/ 96 86 -0 \u00b7 Fax +49 (0) 82 49\/ 51 2<\/p>\n<p>E-Mail:\u00a0<a href=\"&#109;a&#x69;l&#x74;&#111;&#x3a;&#105;&#x6e;&#102;o&#x40;h&#x69;&#116;&#x2d;&#109;&#x61;&#115;&#x63;&#104;i&#x6e;e&#x6e;&#98;&#x61;&#117;&#x2e;&#100;e\">i&#110;&#x66;&#x6f;&#x40;h&#105;&#116;&#x2d;&#x6d;a&#115;&#99;&#x68;&#x69;ne&#110;&#x62;&#x61;&#x75;&#46;&#100;&#x65;<\/a><\/p>\n<p><strong>Firmenkunden<\/strong><\/p>\n<p>F\u00fcr Firmenkunden schlie\u00dfen wir hiermit das Widerrufsrecht aus.<\/p>\n<p><strong>Folgen des Widerrufs<\/strong><\/p>\n<p>Bei einer R\u00fccksendung aus einer Warenlieferung, deren Bestellwert insgesamt bis zu 100 Euro betr\u00e4gt, haben Sie die Kosten der R\u00fccksendung zu tragen, wenn die gelieferte Ware der bestellten entspricht. Anderenfalls ist die R\u00fccksendung f\u00fcr Sie kostenfrei.<\/p>","protected":false},"excerpt":{"rendered":"<\/p>\n<p> Widerrufsrecht <\/p>\n<p>Gem\u00e4\u00df geltendem Fernabsatzrecht weisen wir Sie hiermit ausdr\u00fccklich darauf hin, dass Verbraucher bei uns auf der Internetseite gekaufte Ware binnen 14 Tagen nach Erhalt ohne Angabe von Gr\u00fcnden [&#8230;]<\/p>\n","protected":false},"author":4,"featured_media":0,"parent":0,"menu_order":132,"comment_status":"closed","ping_status":"closed","template":"","meta":{"ngg_post_thumbnail":0},"_links":{"self":[{"href":"https:\/\/hit-maschinenbau.de\/index.php\/wp-json\/wp\/v2\/pages\/72"}],"collection":[{"href":"https:\/\/hit-maschinenbau.de\/index.php\/wp-json\/wp\/v2\/pages"}],"about":[{"href":"https:\/\/hit-maschinenbau.de\/index.php\/wp-json\/wp\/v2\/types\/page"}],"author":[{"embeddable":true,"href":"https:\/\/hit-maschinenbau.de\/index.php\/wp-json\/wp\/v2\/users\/4"}],"replies":[{"embeddable":true,"href":"https:\/\/hit-maschinenbau.de\/index.php\/wp-json\/wp\/v2\/comments?post=72"}],"version-history":[{"count":14,"href":"https:\/\/hit-maschinenbau.de\/index.php\/wp-json\/wp\/v2\/pages\/72\/revisions"}],"predecessor-version":[{"id":3519,"href":"https:\/\/hit-maschinenbau.de\/index.php\/wp-json\/wp\/v2\/pages\/72\/revisions\/3519"}],"wp:attachment":[{"href":"https:\/\/hit-maschinenbau.de\/index.php\/wp-json\/wp\/v2\/media?parent=72"}],"curies":[{"name":"wp","href":"https:\/\/api.w.org\/{rel}","templated":true}]}}