{"id":722,"date":"2013-03-23T16:13:57","date_gmt":"2013-03-23T14:13:57","guid":{"rendered":"http:\/\/www.hit-maschinenbau.de\/saegetechnik\/besaeum-nachschnitttechnik\/asm200"},"modified":"2022-07-05T12:24:36","modified_gmt":"2022-07-05T10:24:36","slug":"asm200","status":"publish","type":"page","link":"https:\/\/hit-maschinenbau.de\/index.php\/saegetechnik\/besaeum-und-nachschnitttechnik\/besaeumtechnik\/asm200\/","title":{"rendered":"ASM200"},"content":{"rendered":"<p><\/p>\n<h2>ASM200<\/h2>\n<p class=\"infoblock\">ASM 200 &#8211; die robuste Bes\u00e4ums\u00e4ge zum Nachschneiden und Bes\u00e4umen von Seitenware und Rahmenh\u00f6lzern bis zu einer St\u00e4rke von 130 mm mit einem bis zu 3-stielig variablen Einschnitt mit einer Leistung von 20 Brettern \/ min bei einer Brettl\u00e4nge von 4 m.<\/p>\n<p>&nbsp;<\/p>\n<div class=\"arconix-accordions arconix-accordions-vertical arconix-accordions-1\"><div class=\"arconix-accordion-title accordion-Ausfhrungsdetails\"><i class=\"fa\"><\/i><p>Ausf\u00fchrungsdetails<\/p><\/div><div class=\"arconix-accordion-content\">\n<ul>\n<li>Brettentzerrer mit automatischem Wender zum Zuf\u00fchren der Ware zur S\u00e4ge<\/li>\n<li>Durchlaufkappung zum Kappen von Schwartenanl\u00e4ufen und zum Auskappen von Waldkante<\/li>\n<li>Messbalken zur Konturvermessung der Ware<\/li>\n<li>Einzugtisch mit Zentrierung<\/li>\n<li>Einschnitt im Gegenlauf<\/li>\n<li>Massive Sperrklinken als R\u00fcckschlagschutz<\/li>\n<li>Untenliegende S\u00e4gewellen<\/li>\n<li>Ausf\u00fchrung aller Zylinder wahlweise pneumatisch oder hydraulisch<\/li>\n<\/ul>\n<\/div><\/p>\n<div class=\"arconix-accordion-title accordion-TechnischeDaten\"><i class=\"fa\"><\/i><p>Technische Daten<\/p><\/div><div class=\"arconix-accordion-content\">\n<table>\n<tbody>\n<tr>\n<th style=\"text-align: center;\" colspan=\"2\">ASM 200<\/th>\n<\/tr>\n<tr>\n<td style=\"width: 20%;\"><strong>Schnitth\u00f6he<\/strong><\/td>\n<td style=\"width: 80%;\">18 &#8211; 130 mm<\/td>\n<\/tr>\n<tr>\n<td style=\"width: 20%;\"><strong>Breite unbes\u00e4umt<\/strong><\/td>\n<td style=\"width: 80%;\">750 mm<\/td>\n<\/tr>\n<tr>\n<td style=\"width: 20%;\"><strong>Zugef\u00fchrte L\u00e4ngen<\/strong><\/td>\n<td style=\"width: 80%;\">1 \u2013 6 m<\/td>\n<\/tr>\n<tr>\n<td style=\"width: 20%;\"><strong>Variabel Stiele<\/strong><\/td>\n<td style=\"width: 80%;\">2 \u2013 3 Stiele variabel<\/td>\n<\/tr>\n<tr>\n<td style=\"width: 20%;\"><strong>Zuf\u00fchrung<\/strong><\/td>\n<td style=\"width: 80%;\">Kettenbett kombiniert mit Druckrollen oben<\/td>\n<\/tr>\n<tr>\n<td style=\"width: 20%;\"><strong>Vorschub<\/strong><\/td>\n<td style=\"width: 80%;\">max. 240 m \/ min.<\/td>\n<\/tr>\n<tr>\n<td style=\"width: 20%;\"><strong>Leistung<\/strong><\/td>\n<td style=\"width: 80%;\">max. 20 Takte \/ min.<\/td>\n<\/tr>\n<tr>\n<td style=\"width: 20%;\"><strong>Vermessung<\/strong><\/td>\n<td style=\"width: 80%;\">Laservermessung<\/td>\n<\/tr>\n<tr>\n<td style=\"width: 20%;\"><strong>Bes\u00e4umbreiten<\/strong><\/td>\n<td style=\"width: 80%;\">Ausf\u00fchrung 2-stielig<br \/>\n24 \u2013 400 mm<br \/>\nAusf\u00fchrung 3-stielig<br \/>\n48 \u2013 400 mm<\/td>\n<\/tr>\n<\/tbody>\n<\/table>\n<\/div>\n<div class=\"arconix-accordion-title accordion-Einschnittbeispiel\"><i class=\"fa\"><\/i><p>Einschnittbeispiel<\/p><\/div><div class=\"arconix-accordion-content\">\n<p><a title=\"Einschnittbeispiel ASM 200\" href=\"https:\/\/www.hit-maschinenbau.de\/wp-content\/uploads\/Einschittbeispiel_ASM200_300.pdf\" target=\"_blank\" rel=\"noopener\">Einschnittbeispiel ASM 200<\/a><\/p>\n<\/div>\n<\/div>\n<p><iframe width=\"210\" height=\"170\" src=\"\/\/www.youtube.com\/embed\/bbgS4SBtIAQ\" frameborder=\"0\" allowfullscreen><\/iframe><br \/>\n&nbsp;<br \/>\n<\/p>","protected":false},"excerpt":{"rendered":"<\/p>\n<p> ASM200 <\/p>\n<p class=\"infoblock\">ASM 200 &#8211; die robuste Bes\u00e4ums\u00e4ge zum Nachschneiden und Bes\u00e4umen von Seitenware und Rahmenh\u00f6lzern bis zu einer St\u00e4rke von 130 mm mit einem bis zu 3-stielig variablen [&#8230;]<\/p>\n","protected":false},"author":4,"featured_media":0,"parent":236,"menu_order":52,"comment_status":"closed","ping_status":"closed","template":"","meta":{"ngg_post_thumbnail":0},"_links":{"self":[{"href":"https:\/\/hit-maschinenbau.de\/index.php\/wp-json\/wp\/v2\/pages\/722"}],"collection":[{"href":"https:\/\/hit-maschinenbau.de\/index.php\/wp-json\/wp\/v2\/pages"}],"about":[{"href":"https:\/\/hit-maschinenbau.de\/index.php\/wp-json\/wp\/v2\/types\/page"}],"author":[{"embeddable":true,"href":"https:\/\/hit-maschinenbau.de\/index.php\/wp-json\/wp\/v2\/users\/4"}],"replies":[{"embeddable":true,"href":"https:\/\/hit-maschinenbau.de\/index.php\/wp-json\/wp\/v2\/comments?post=722"}],"version-history":[{"count":45,"href":"https:\/\/hit-maschinenbau.de\/index.php\/wp-json\/wp\/v2\/pages\/722\/revisions"}],"predecessor-version":[{"id":4133,"href":"https:\/\/hit-maschinenbau.de\/index.php\/wp-json\/wp\/v2\/pages\/722\/revisions\/4133"}],"up":[{"embeddable":true,"href":"https:\/\/hit-maschinenbau.de\/index.php\/wp-json\/wp\/v2\/pages\/236"}],"wp:attachment":[{"href":"https:\/\/hit-maschinenbau.de\/index.php\/wp-json\/wp\/v2\/media?parent=722"}],"curies":[{"name":"wp","href":"https:\/\/api.w.org\/{rel}","templated":true}]}}