{"id":81,"date":"2013-03-17T14:41:24","date_gmt":"2013-03-17T12:41:24","guid":{"rendered":"http:\/\/www.hit-maschinenbau.de\/?page_id=81"},"modified":"2022-07-05T12:19:42","modified_gmt":"2022-07-05T10:19:42","slug":"rundholzmanipulation","status":"publish","type":"page","link":"https:\/\/hit-maschinenbau.de\/index.php\/saegetechnik\/rundholzmanipulation\/","title":{"rendered":"Rundholzmanipulation"},"content":{"rendered":"<p><\/p>\n<h2>Rundholzmanipulation<\/h2>\n<p>Als die <strong>Firma H.I.T. vor \u00fcber 25 Jahren gegr\u00fcndet wurde<\/strong>, waren die ersten Anlagen die entwickelt und gebaut wurden, Anlagen zur Rundholzmanipulation \u2013 viele der damals installierten Anlagen sind noch heute in Betrieb.<\/p>\n<p>&nbsp;<\/p>\n<p>Seither haben wir unsere Konzepte und Anlagen kontinuierlich weiter entwickelt und bieten Ihnen heute Anlagen zur Rundholzmanipulation in nahezu allen Leistungsklassen an.\u00a0Unser Leistungsspektrum umfasst dabei die komplette Mechanisierung von der Rundholzaufgabe und Rundholzsortierung bis zur \u00dcbergabe an die Einschnittmaschine.<\/p>\n<p>&nbsp;<\/p>\n<p>Mit Blick auf die rauen Bedingungen im S\u00e4gewerksbetrieb legen wir bei der Entwicklung und Ausf\u00fchrung unserer Maschinen und Anlagen besonderen Wert auf die robuste und verschlei\u00dfarme Ausf\u00fchrung.<br \/>\n<\/p>","protected":false},"excerpt":{"rendered":"<\/p>\n<p> Rundholzmanipulation <\/p>\n<p>Als die <strong>Firma H.I.T. vor \u00fcber 25 Jahren gegr\u00fcndet wurde<\/strong>, waren die ersten Anlagen die entwickelt und gebaut wurden, Anlagen zur Rundholzmanipulation \u2013 viele der damals installierten Anlagen [&#8230;]<\/p>\n","protected":false},"author":4,"featured_media":0,"parent":65,"menu_order":41,"comment_status":"closed","ping_status":"closed","template":"","meta":{"ngg_post_thumbnail":0},"_links":{"self":[{"href":"https:\/\/hit-maschinenbau.de\/index.php\/wp-json\/wp\/v2\/pages\/81"}],"collection":[{"href":"https:\/\/hit-maschinenbau.de\/index.php\/wp-json\/wp\/v2\/pages"}],"about":[{"href":"https:\/\/hit-maschinenbau.de\/index.php\/wp-json\/wp\/v2\/types\/page"}],"author":[{"embeddable":true,"href":"https:\/\/hit-maschinenbau.de\/index.php\/wp-json\/wp\/v2\/users\/4"}],"replies":[{"embeddable":true,"href":"https:\/\/hit-maschinenbau.de\/index.php\/wp-json\/wp\/v2\/comments?post=81"}],"version-history":[{"count":26,"href":"https:\/\/hit-maschinenbau.de\/index.php\/wp-json\/wp\/v2\/pages\/81\/revisions"}],"predecessor-version":[{"id":4121,"href":"https:\/\/hit-maschinenbau.de\/index.php\/wp-json\/wp\/v2\/pages\/81\/revisions\/4121"}],"up":[{"embeddable":true,"href":"https:\/\/hit-maschinenbau.de\/index.php\/wp-json\/wp\/v2\/pages\/65"}],"wp:attachment":[{"href":"https:\/\/hit-maschinenbau.de\/index.php\/wp-json\/wp\/v2\/media?parent=81"}],"curies":[{"name":"wp","href":"https:\/\/api.w.org\/{rel}","templated":true}]}}