{"id":83,"date":"2013-03-17T14:41:50","date_gmt":"2013-03-17T12:41:50","guid":{"rendered":"http:\/\/www.hit-maschinenbau.de\/?page_id=83"},"modified":"2022-07-05T12:26:36","modified_gmt":"2022-07-05T10:26:36","slug":"sortierlinien","status":"publish","type":"page","link":"https:\/\/hit-maschinenbau.de\/index.php\/saegetechnik\/sortierlinien\/","title":{"rendered":"Sortierlinien"},"content":{"rendered":"<p><\/p>\n<h2>Sortierlinien<\/h2>\n<p>Unsere Sortierungen erm\u00f6glichen Ihnen eine holzschonende Aufbereitung der erzeugten Schnittholzes.<\/p>\n<p>&nbsp;<\/p>\n<p>Durch die rechnergest\u00fctze Datenerfassung, Verfolgung und bedienerfreundliche Visualisierung behalten Sie den \u00dcberblick \u00fcber die produzierten Sortimente und Mengen.<\/p>\n<p>&nbsp;<\/p>\n<p>Die Leistung unserer Sortieranlagen richtet sich, ebenso wie die Ausf\u00fchrung und die Anzahl der Sortierboxen oder \u2013etagen nach der vorgeschalteten Einschnitttechnik. Wir liefern verschiedene Sortierkonzepte, die je nach Anforderungen auch miteinander kombiniert werden k\u00f6nnen. Die Leistung unserer Sortieranlagen liegt zwischen 20 und 120 Teilen \/ min.<\/p>\n<p>&nbsp;<\/p>\n<p>Die f\u00fcr eine Sortierung notwendigen Daten, wie Dimension oder Qualit\u00e4t k\u00f6nnen von der vorgeschalteten Maschine, wie z.B. S\u00e4umer oder Nachschnittmaschine \u00fcbernommen werden. Liegen diese Daten nicht vor, wird das erzeugte Schnittholz vor der Sortierung nach L\u00e4nge, Breite und St\u00e4rke vermessen.<\/p>\n<p>&nbsp;<\/p>\n<p>Bei Bedarf liefern wir zudem Mechanisierungen, die eine visuelle oder automatische Qualit\u00e4tssortierung der Ware erm\u00f6glichen.<\/p>\n<p>&nbsp;<\/p>\n<p>Optional liefern wir auch Messsysteme zur Brettkonturvermessung sowie Trimmerkapps\u00e4gen zum automatischen Auskappen von Fehlstellen im Brett.<\/p>\n<p>&nbsp;<\/p>\n<p><strong>Zu unserem Lieferumfang geh\u00f6ren:<\/strong><\/p>\n<p>&nbsp;<\/p>\n<ul>\n<li>Beschickung der Sortierung<\/li>\n<li>Brettvermessung zur Dimensionsvermessung, bzw. Brettkonturerfassung<\/li>\n<li><a title=\"Trimmers\u00e4gen\" href=\"https:\/\/www.hit-maschinenbau.de\/saegetechnik\/ablaengsaegen\/trimmersaegen\">Trimmerkapps\u00e4gen<\/a><\/li>\n<li><a title=\"Stirnschnitts\u00e4gen und Einfachabl\u00e4ngs\u00e4gen\" href=\"https:\/\/www.hit-maschinenbau.de\/saegetechnik\/ablaengsaegen\/stirnschnittsaegen-und-einfachablaengsaegen\">Stirn- und Endschnitts\u00e4gen<\/a><strong><br \/>\n<\/strong><\/li>\n<li><a title=\"S\u00e4getechnik Beurteilungsstationen\" href=\"https:\/\/www.hit-maschinenbau.de\/saegetechnik\/sortierlinien\/beurteilungsstationen\">Beurteilungsstationen<\/a><\/li>\n<li>Sortierung mit geraden Boxen, starren Boxenb\u00f6den und obenliegendem Schleppf\u00f6rderer<strong><br \/>\n<\/strong><\/li>\n<li>Sortierung mit geraden Boxen, starren Boxenb\u00f6den und angetriebenen Sortierklappen<\/li>\n<li>Sortierung mit geraden Boxen, heb- senkbaren Boxenb\u00f6den und obenliegendem Schleppf\u00f6rderer<\/li>\n<li>Sortierung mit geraden Boxen, heb- senkbaren Boxenb\u00f6den und angetriebenen Sortierklappen<\/li>\n<li><a title=\"Sch\u00fcttetagensortierung\" href=\"https:\/\/www.hit-maschinenbau.de\/saegetechnik\/sortierlinien\/etagensortierungen\">Sch\u00fcttetagensortierung<\/a><\/li>\n<li><a title=\"Filmetagentsortierungen\" href=\"https:\/\/www.hit-maschinenbau.de\/saegetechnik\/sortierlinien\/etagensortierungen\">Filmetagensortierung<\/a><\/li>\n<li>Kombinierte Sch\u00fctt- und Filmetagen<\/li>\n<li>Mechanisierung zur Boxenentleerung<\/li>\n<\/ul>\n<p>            \n\t\t<div class=\"ngg-gallery-singlepic-image \" style=\"max-width: 210px\">\n\t\t\t    \t<a href=\"https:\/\/hit-maschinenbau.de\/wp-content\/gallery\/1-3-1-beurteilungsstationen\/bay-stapelanlage-50-takte-17.jpg\"\n\t\t     title=\"\"\n             data-src=\"https:\/\/hit-maschinenbau.de\/wp-content\/gallery\/1-3-1-beurteilungsstationen\/bay-stapelanlage-50-takte-17.jpg\"\n             data-thumbnail=\"https:\/\/hit-maschinenbau.de\/wp-content\/gallery\/1-3-1-beurteilungsstationen\/thumbs\/thumbs_bay-stapelanlage-50-takte-17.jpg\"\n             data-image-id=\"97\"\n             data-title=\"bay-stapelanlage-50-takte-17\"\n             data-description=\"\"\n             target='_self'\n             class=\"ngg-simplelightbox\" rel=\"4577b4e76c3883188adecd7afccd223f\">\n            <img class=\"ngg-singlepic colorbox-83\"\n             src=\"https:\/\/hit-maschinenbau.de\/index.php\/nextgen-image\/97\/210x0x100\/1e0c9d6af2dfd4966c64beb008df766e\"\n             alt=\"bay-stapelanlage-50-takte-17\"\n             title=\"bay-stapelanlage-50-takte-17\"\n              width=\"210\"               \/>\n    \t<\/a>\n\t\t      <\/div>\n        <br \/>\n<\/p>","protected":false},"excerpt":{"rendered":"<\/p>\n<p> Sortierlinien <\/p>\n<p>Unsere Sortierungen erm\u00f6glichen Ihnen eine holzschonende Aufbereitung der erzeugten Schnittholzes.<\/p>\n<p>&nbsp;<\/p>\n<p>Durch die rechnergest\u00fctze Datenerfassung, Verfolgung und bedienerfreundliche Visualisierung behalten Sie den \u00dcberblick \u00fcber die produzierten Sortimente und [&#8230;]<\/p>\n","protected":false},"author":4,"featured_media":0,"parent":65,"menu_order":57,"comment_status":"closed","ping_status":"closed","template":"","meta":{"ngg_post_thumbnail":0},"_links":{"self":[{"href":"https:\/\/hit-maschinenbau.de\/index.php\/wp-json\/wp\/v2\/pages\/83"}],"collection":[{"href":"https:\/\/hit-maschinenbau.de\/index.php\/wp-json\/wp\/v2\/pages"}],"about":[{"href":"https:\/\/hit-maschinenbau.de\/index.php\/wp-json\/wp\/v2\/types\/page"}],"author":[{"embeddable":true,"href":"https:\/\/hit-maschinenbau.de\/index.php\/wp-json\/wp\/v2\/users\/4"}],"replies":[{"embeddable":true,"href":"https:\/\/hit-maschinenbau.de\/index.php\/wp-json\/wp\/v2\/comments?post=83"}],"version-history":[{"count":24,"href":"https:\/\/hit-maschinenbau.de\/index.php\/wp-json\/wp\/v2\/pages\/83\/revisions"}],"predecessor-version":[{"id":4138,"href":"https:\/\/hit-maschinenbau.de\/index.php\/wp-json\/wp\/v2\/pages\/83\/revisions\/4138"}],"up":[{"embeddable":true,"href":"https:\/\/hit-maschinenbau.de\/index.php\/wp-json\/wp\/v2\/pages\/65"}],"wp:attachment":[{"href":"https:\/\/hit-maschinenbau.de\/index.php\/wp-json\/wp\/v2\/media?parent=83"}],"curies":[{"name":"wp","href":"https:\/\/api.w.org\/{rel}","templated":true}]}}