{"id":84,"date":"2013-03-17T14:42:03","date_gmt":"2013-03-17T12:42:03","guid":{"rendered":"http:\/\/www.hit-maschinenbau.de\/?page_id=84"},"modified":"2015-04-29T10:31:17","modified_gmt":"2015-04-29T08:31:17","slug":"ablaengsaegen","status":"publish","type":"page","link":"https:\/\/hit-maschinenbau.de\/index.php\/saegetechnik\/ablaengsaegen\/","title":{"rendered":"Abl\u00e4ngs\u00e4gen"},"content":{"rendered":"<p><\/p>\n<h2>Abl\u00e4ngs\u00e4gen<\/h2>\n<p>Abl\u00e4ngs\u00e4gen dienen zum L\u00e4ngenzuschnitt von scharfkantiger Ware oder von H\u00f6lzern mit Waldkante. Hierbei kann es sich um das Kappen der Stirnseiten, um das Kappen von Schnittholz in mehrere Teill\u00e4ngen oder auch um das Auskappen von Fehlstellen im Schnittholz handeln.<\/p>\n<p>&nbsp;<\/p>\n<p>Mit unseren Abl\u00e4ngs\u00e4gen garantieren wir einen millimetergenauen Zuschnitt des Schnittholzes mit einer dimensionsabh\u00e4ngigen Leistung bis zu 80 Teilen \/ min.<\/p>\n<p>&nbsp;<\/p>\n<p><strong>Zu unserem Lieferumfang geh\u00f6ren:<\/strong><\/p>\n<p>&nbsp;<\/p>\n<ul>\n<li><a title=\"S\u00e4getechnik: Stirnschnitts\u00e4gen \/ Einfachabl\u00e4ngs\u00e4gen\" href=\"https:\/\/www.hit-maschinenbau.de\/saegetechnik\/ablaengsaegen\/stirnschnittsaegen-und-einfachablaengsaegen\">Stirnschnitts\u00e4gen \/ Einfachabl\u00e4ngs\u00e4gen<\/a><\/li>\n<li><a title=\"S\u00e4getechnik: Ein- und Mehrfachabl\u00e4ngs\u00e4gen\" href=\"https:\/\/www.hit-maschinenbau.de\/saegetechnik\/ablaengsaegen\/mehrfachablaengsaegen\">Mehrfachabl\u00e4ngs\u00e4gen<\/a><\/li>\n<li><a title=\"S\u00e4getechnnik: Trimmers\u00e4gen\" href=\"https:\/\/www.hit-maschinenbau.de\/saegetechnik\/ablaengsaegen\/trimmersaegen\">Trimmers\u00e4gen<\/a><strong><br \/>\n<\/strong><\/li>\n<\/ul>\n<p>            \n\t\t<div class=\"ngg-gallery-singlepic-image \" style=\"max-width: 210px\">\n\t\t\t    \t<a href=\"https:\/\/hit-maschinenbau.de\/wp-content\/gallery\/1-4-2-mehrfachablaengsaegen\/bhg-pks-mit-rad-und-ablaengsaege-3.jpg\"\n\t\t     title=\"\"\n             data-src=\"https:\/\/hit-maschinenbau.de\/wp-content\/gallery\/1-4-2-mehrfachablaengsaegen\/bhg-pks-mit-rad-und-ablaengsaege-3.jpg\"\n             data-thumbnail=\"https:\/\/hit-maschinenbau.de\/wp-content\/gallery\/1-4-2-mehrfachablaengsaegen\/thumbs\/thumbs_bhg-pks-mit-rad-und-ablaengsaege-3.jpg\"\n             data-image-id=\"137\"\n             data-title=\"bhg-pks-mit-rad-und-ablaengsaege-3\"\n             data-description=\"\"\n             target='_self'\n             class=\"ngg-simplelightbox\" rel=\"61c0d9cdaa5b57bb9a0a657711098f4e\">\n            <img class=\"ngg-singlepic colorbox-84\"\n             src=\"https:\/\/hit-maschinenbau.de\/index.php\/nextgen-image\/137\/210x0x100\/140454380bd5720fa943b78b0416c2ed\"\n             alt=\"bhg-pks-mit-rad-und-ablaengsaege-3\"\n             title=\"bhg-pks-mit-rad-und-ablaengsaege-3\"\n              width=\"210\"               \/>\n    \t<\/a>\n\t\t      <\/div>\n        <br \/>\n  <\/p>","protected":false},"excerpt":{"rendered":"<\/p>\n<p> Abl\u00e4ngs\u00e4gen <\/p>\n<p>Abl\u00e4ngs\u00e4gen dienen zum L\u00e4ngenzuschnitt von scharfkantiger Ware oder von H\u00f6lzern mit Waldkante. Hierbei kann es sich um das Kappen der Stirnseiten, um das Kappen von Schnittholz in mehrere [&#8230;]<\/p>\n","protected":false},"author":4,"featured_media":0,"parent":65,"menu_order":63,"comment_status":"closed","ping_status":"closed","template":"","meta":{"ngg_post_thumbnail":0},"_links":{"self":[{"href":"https:\/\/hit-maschinenbau.de\/index.php\/wp-json\/wp\/v2\/pages\/84"}],"collection":[{"href":"https:\/\/hit-maschinenbau.de\/index.php\/wp-json\/wp\/v2\/pages"}],"about":[{"href":"https:\/\/hit-maschinenbau.de\/index.php\/wp-json\/wp\/v2\/types\/page"}],"author":[{"embeddable":true,"href":"https:\/\/hit-maschinenbau.de\/index.php\/wp-json\/wp\/v2\/users\/4"}],"replies":[{"embeddable":true,"href":"https:\/\/hit-maschinenbau.de\/index.php\/wp-json\/wp\/v2\/comments?post=84"}],"version-history":[{"count":18,"href":"https:\/\/hit-maschinenbau.de\/index.php\/wp-json\/wp\/v2\/pages\/84\/revisions"}],"predecessor-version":[{"id":3221,"href":"https:\/\/hit-maschinenbau.de\/index.php\/wp-json\/wp\/v2\/pages\/84\/revisions\/3221"}],"up":[{"embeddable":true,"href":"https:\/\/hit-maschinenbau.de\/index.php\/wp-json\/wp\/v2\/pages\/65"}],"wp:attachment":[{"href":"https:\/\/hit-maschinenbau.de\/index.php\/wp-json\/wp\/v2\/media?parent=84"}],"curies":[{"name":"wp","href":"https:\/\/api.w.org\/{rel}","templated":true}]}}