{"id":85,"date":"2013-03-17T14:54:40","date_gmt":"2013-03-17T12:54:40","guid":{"rendered":"http:\/\/www.hit-maschinenbau.de\/?page_id=85"},"modified":"2015-04-30T16:33:04","modified_gmt":"2015-04-30T14:33:04","slug":"stapeln","status":"publish","type":"page","link":"https:\/\/hit-maschinenbau.de\/index.php\/saegetechnik\/stapeln\/","title":{"rendered":"Stapeln"},"content":{"rendered":"<p><\/p>\n<h2>Stapeln<\/h2>\n<p>Das Aufstapeln der erzeugten Schnittware ist bei der Manipulation des Schnittholzes oft einer der personalintensivsten und zeitaufw\u00e4ndigsten Schritte. Investitionen in eine Mechanisierung in diesem Bereich rechnen sich daher in besonders kurzer Zeit.<\/p>\n<p>&nbsp;<\/p>\n<p>Wir bieten mit unseren unterschiedlichen Konzepten von der halb- bis zur vollautomatischen Stapelung L\u00f6sungen f\u00fcr kleine S\u00e4gewerke ebenso wie f\u00fcr Hochleistungslinien.<\/p>\n<p>&nbsp;<\/p>\n<p><strong>Zu unserem Lieferumfang geh\u00f6ren:<\/strong><\/p>\n<p>&nbsp;<\/p>\n<ul>\n<li>Stapelhilfen und <a title=\"S\u00e4getechnik: Halbautomatische Stapelanlagen\" href=\"https:\/\/www.hit-maschinenbau.de\/saegetechnik\/stapeln\/halbautomatische-stapelanlagen\">halbautomatische Stapelanlagen<\/a><\/li>\n<li><a title=\"S\u00e4getechnik: Vollautomatische Stapelanlagen\" href=\"https:\/\/www.hit-maschinenbau.de\/saegetechnik\/stapeln\/vollautomatische-stapelanlagen\">Vollautomatische Stapelanlagen<\/a><\/li>\n<li>Lattenmagazine zum <a title=\"S\u00e4getechnik: automatisches Lattenlegen\" href=\"https:\/\/www.hit-maschinenbau.de\/saegetechnik\/stapeln\/automatisches-lattenlegen\">automatischen Lattenlegen<\/a><\/li>\n<li><a title=\"Stapeln - Paketabtransport\" href=\"https:\/\/www.hit-maschinenbau.de\/saegetechnik\/stapeln\/paketabtransport\">Paketabtransport<\/a><\/li>\n<\/ul>\n<p>            \n\t\t<div class=\"ngg-gallery-singlepic-image \" style=\"max-width: 210px\">\n\t\t\t    \t<a href=\"https:\/\/hit-maschinenbau.de\/wp-content\/gallery\/1-5-1-halbautomatische-stapelanlagen\/muew-sortieranlage-15.jpg\"\n\t\t     title=\"\"\n             data-src=\"https:\/\/hit-maschinenbau.de\/wp-content\/gallery\/1-5-1-halbautomatische-stapelanlagen\/muew-sortieranlage-15.jpg\"\n             data-thumbnail=\"https:\/\/hit-maschinenbau.de\/wp-content\/gallery\/1-5-1-halbautomatische-stapelanlagen\/thumbs\/thumbs_muew-sortieranlage-15.jpg\"\n             data-image-id=\"153\"\n             data-title=\"muew-sortieranlage-15\"\n             data-description=\"\"\n             target='_self'\n             class=\"ngg-simplelightbox\" rel=\"cc80c37e1c3a226ff7bbc205c3bf1b8f\">\n            <img class=\"ngg-singlepic colorbox-85\"\n             src=\"https:\/\/hit-maschinenbau.de\/index.php\/nextgen-image\/153\/210x0x100\/2e1e75f37d4809709e0d91dab64e805a\"\n             alt=\"muew-sortieranlage-15\"\n             title=\"muew-sortieranlage-15\"\n              width=\"210\"               \/>\n    \t<\/a>\n\t\t      <\/div>\n        <br \/>\n  <\/p>","protected":false},"excerpt":{"rendered":"<\/p>\n<p> Stapeln <\/p>\n<p>Das Aufstapeln der erzeugten Schnittware ist bei der Manipulation des Schnittholzes oft einer der personalintensivsten und zeitaufw\u00e4ndigsten Schritte. Investitionen in eine Mechanisierung in diesem Bereich rechnen sich daher [&#8230;]<\/p>\n","protected":false},"author":4,"featured_media":0,"parent":65,"menu_order":67,"comment_status":"closed","ping_status":"closed","template":"","meta":{"ngg_post_thumbnail":0},"_links":{"self":[{"href":"https:\/\/hit-maschinenbau.de\/index.php\/wp-json\/wp\/v2\/pages\/85"}],"collection":[{"href":"https:\/\/hit-maschinenbau.de\/index.php\/wp-json\/wp\/v2\/pages"}],"about":[{"href":"https:\/\/hit-maschinenbau.de\/index.php\/wp-json\/wp\/v2\/types\/page"}],"author":[{"embeddable":true,"href":"https:\/\/hit-maschinenbau.de\/index.php\/wp-json\/wp\/v2\/users\/4"}],"replies":[{"embeddable":true,"href":"https:\/\/hit-maschinenbau.de\/index.php\/wp-json\/wp\/v2\/comments?post=85"}],"version-history":[{"count":21,"href":"https:\/\/hit-maschinenbau.de\/index.php\/wp-json\/wp\/v2\/pages\/85\/revisions"}],"predecessor-version":[{"id":3359,"href":"https:\/\/hit-maschinenbau.de\/index.php\/wp-json\/wp\/v2\/pages\/85\/revisions\/3359"}],"up":[{"embeddable":true,"href":"https:\/\/hit-maschinenbau.de\/index.php\/wp-json\/wp\/v2\/pages\/65"}],"wp:attachment":[{"href":"https:\/\/hit-maschinenbau.de\/index.php\/wp-json\/wp\/v2\/media?parent=85"}],"curies":[{"name":"wp","href":"https:\/\/api.w.org\/{rel}","templated":true}]}}