{"id":879,"date":"2013-03-24T15:29:24","date_gmt":"2013-03-24T13:29:24","guid":{"rendered":"http:\/\/www.hit-maschinenbau.de\/saegetechnik\/besaeum-nachschnitttechnik\/spanertechnologie"},"modified":"2022-07-05T12:25:31","modified_gmt":"2022-07-05T10:25:31","slug":"spanertechnologie","status":"publish","type":"page","link":"https:\/\/hit-maschinenbau.de\/index.php\/saegetechnik\/besaeum-und-nachschnitttechnik\/spanertechnologie\/","title":{"rendered":"Spanertechnologie"},"content":{"rendered":"<p><\/p>\n<h2>Spanertechnologie<\/h2>\n<p>Zur Vermeidung von anfallenden Schwarten oder Sprei\u00dfeln nach der S\u00e4ge, zur Erh\u00f6hung der Leistung und Flexiblit\u00e4t beim Einschnitt und zur Produktion von Hackschnitzeln definierter Gr\u00f6\u00dfen integrieren wir, bei Bedarf Parallelspaner vor unseren Nachschnitts\u00e4gen.<\/p>\n<p>&nbsp;<\/p>\n<p>Die Positionierung der Spanerscheiben erfolgt dabei anhand der Optimierungsergebnisse nach der Vermessung der Ware.<\/p>\n<!-- default-view.php -->\n<div\n\tclass=\"ngg-galleryoverview default-view \"\n\tid=\"ngg-gallery-60c158b9548d74764ded6150c0993645-1\">\n\n\t\t<!-- Thumbnails -->\n\t\t\t\t<div id=\"ngg-image-0\" class=\"ngg-gallery-thumbnail-box \" >\n\t\t\t\t        <div class=\"ngg-gallery-thumbnail\">\n            <a href=\"https:\/\/hit-maschinenbau.de\/wp-content\/gallery\/1-2-5-spanertechnologie\/dsc00202.jpg\"\n               title=\"\"\n               data-src=\"https:\/\/hit-maschinenbau.de\/wp-content\/gallery\/1-2-5-spanertechnologie\/dsc00202.jpg\"\n               data-thumbnail=\"https:\/\/hit-maschinenbau.de\/wp-content\/gallery\/1-2-5-spanertechnologie\/thumbs\/thumbs_dsc00202.jpg\"\n               data-image-id=\"92\"\n               data-title=\"dsc00202\"\n               data-description=\"\"\n               data-image-slug=\"dsc00202\"\n               class=\"ngg-simplelightbox\" rel=\"60c158b9548d74764ded6150c0993645\">\n                <img class=\"colorbox-879\" \n                    title=\"dsc00202\"\n                    alt=\"dsc00202\"\n                    src=\"https:\/\/hit-maschinenbau.de\/wp-content\/gallery\/1-2-5-spanertechnologie\/thumbs\/thumbs_dsc00202.jpg\"\n                    width=\"210\"\n                    height=\"157\"\n                    style=\"max-width:100%;\"\n                \/>\n            <\/a>\n        <\/div>\n\t\t\t\t\t\t\t<\/div> \n\t\t\t\n\t\t\t\t<div id=\"ngg-image-1\" class=\"ngg-gallery-thumbnail-box \" >\n\t\t\t\t        <div class=\"ngg-gallery-thumbnail\">\n            <a href=\"https:\/\/hit-maschinenbau.de\/wp-content\/gallery\/1-2-5-spanertechnologie\/saf-spaner-6.jpg\"\n               title=\"\"\n               data-src=\"https:\/\/hit-maschinenbau.de\/wp-content\/gallery\/1-2-5-spanertechnologie\/saf-spaner-6.jpg\"\n               data-thumbnail=\"https:\/\/hit-maschinenbau.de\/wp-content\/gallery\/1-2-5-spanertechnologie\/thumbs\/thumbs_saf-spaner-6.jpg\"\n               data-image-id=\"93\"\n               data-title=\"saf-spaner-6\"\n               data-description=\"\"\n               data-image-slug=\"saf-spaner-6\"\n               class=\"ngg-simplelightbox\" rel=\"60c158b9548d74764ded6150c0993645\">\n                <img class=\"colorbox-879\" \n                    title=\"saf-spaner-6\"\n                    alt=\"saf-spaner-6\"\n                    src=\"https:\/\/hit-maschinenbau.de\/wp-content\/gallery\/1-2-5-spanertechnologie\/thumbs\/thumbs_saf-spaner-6.jpg\"\n                    width=\"210\"\n                    height=\"157\"\n                    style=\"max-width:100%;\"\n                \/>\n            <\/a>\n        <\/div>\n\t\t\t\t\t\t\t<\/div> \n\t\t\t\n\t\n\t<br style=\"clear: both\" \/>\n\n\t\n\t\t<!-- Pagination -->\n\t<div class='ngg-clear'><\/div>\t<\/div>\n\n<p><\/p>","protected":false},"excerpt":{"rendered":"<\/p>\n<p> Spanertechnologie <\/p>\n<p>Zur Vermeidung von anfallenden Schwarten oder Sprei\u00dfeln nach der S\u00e4ge, zur Erh\u00f6hung der Leistung und Flexiblit\u00e4t beim Einschnitt und zur Produktion von Hackschnitzeln definierter Gr\u00f6\u00dfen integrieren wir, bei [&#8230;]<\/p>\n","protected":false},"author":4,"featured_media":0,"parent":82,"menu_order":55,"comment_status":"closed","ping_status":"closed","template":"","meta":{"ngg_post_thumbnail":0},"_links":{"self":[{"href":"https:\/\/hit-maschinenbau.de\/index.php\/wp-json\/wp\/v2\/pages\/879"}],"collection":[{"href":"https:\/\/hit-maschinenbau.de\/index.php\/wp-json\/wp\/v2\/pages"}],"about":[{"href":"https:\/\/hit-maschinenbau.de\/index.php\/wp-json\/wp\/v2\/types\/page"}],"author":[{"embeddable":true,"href":"https:\/\/hit-maschinenbau.de\/index.php\/wp-json\/wp\/v2\/users\/4"}],"replies":[{"embeddable":true,"href":"https:\/\/hit-maschinenbau.de\/index.php\/wp-json\/wp\/v2\/comments?post=879"}],"version-history":[{"count":13,"href":"https:\/\/hit-maschinenbau.de\/index.php\/wp-json\/wp\/v2\/pages\/879\/revisions"}],"predecessor-version":[{"id":4136,"href":"https:\/\/hit-maschinenbau.de\/index.php\/wp-json\/wp\/v2\/pages\/879\/revisions\/4136"}],"up":[{"embeddable":true,"href":"https:\/\/hit-maschinenbau.de\/index.php\/wp-json\/wp\/v2\/pages\/82"}],"wp:attachment":[{"href":"https:\/\/hit-maschinenbau.de\/index.php\/wp-json\/wp\/v2\/media?parent=879"}],"curies":[{"name":"wp","href":"https:\/\/api.w.org\/{rel}","templated":true}]}}