{"id":880,"date":"2013-03-24T15:29:24","date_gmt":"2013-03-24T13:29:24","guid":{"rendered":"http:\/\/www.hit-maschinenbau.de\/saegetechnik\/besaeum-nachschnitttechnik\/optimierungsprogramm-lm-optim"},"modified":"2022-07-05T12:25:52","modified_gmt":"2022-07-05T10:25:52","slug":"optimierungsprogramm-lm-optim","status":"publish","type":"page","link":"https:\/\/hit-maschinenbau.de\/index.php\/saegetechnik\/besaeum-und-nachschnitttechnik\/optimierungsprogramm-lm-optim\/","title":{"rendered":"Optimierung &#8222;LM-Optim&#8220;"},"content":{"rendered":"<p><\/p>\n<h2>Optimierungsprogramm &#8222;LM-Optim&#8220;<\/h2>\n<p>Die Laser- Brettvermessungs-, und Optimierungssoftware &#8222;LM-Optim&#8220; wurde speziell f\u00fcr unsere S\u00e4gemaschinen entwickelt. Diese bedienerfreundliche Software ber\u00fccksichtigt die speziellen Anforderungen der klein- und mittelst\u00e4ndischen Betriebe, wie zum Beispiel:<\/p>\n<p>&nbsp;<\/p>\n<ul>\n<li>Einfache Editierung von Schnittbildern zur Steigerung der Wertsch\u00f6pfung<\/li>\n<li>\u00dcbernahme von Auftragsdaten aus der Arbeitsvorbereitung zur St\u00fcckzahlbezogenen Produktion. Die Kundenauftr\u00e4ge k\u00f6nnen im B\u00fcro eingegeben und auf die Maschine online \u00fcbertragen werden.<\/li>\n<li>Brettoptimierung<\/li>\n<li>Statistikerfassung wie z.B. Schicht-, Leistungs- oder Tagesprotokoll<\/li>\n<li>Die Bedienung an der Maschine erfolgt einfach und komfortabel \u00fcber einen 19\u201c Touchscreen, auf dem alle wesentlichen Maschinen- und Brettdaten visualisiert und ggf. angepasst werden k\u00f6nnen.<\/li>\n<\/ul>\n<p>&nbsp;<\/p>\n<p><strong>Mit unserem neuen Optimierungsprogramm steigern Sie die Wertsch\u00f6pfung:<\/strong><\/p>\n<p>&nbsp;<\/p>\n<ul>\n<li>Die zul\u00e4ssige Waldkante kann in der Breite und St\u00e4rke absolut in Millimeter oder Prozent angegeben werden.<\/li>\n<li>Visualisierung der Schnittprodukte vor dem Bes\u00e4umen auf dem Einzugstisch (bewegtes animiertes Bild) mit der M\u00f6glichkeit zum Eingriff und manueller Anpassung des Schnittbildes<\/li>\n<li>Erkennung der Parallelit\u00e4t von scharfkantigen Brettern<\/li>\n<li>Die Verdrehung der Bretter wird durch die Optimierung kompensiert.<\/li>\n<li>Die Qualit\u00e4t kann jedem Produkt separat zugeordnet werden und erm\u00f6glicht somit eine effektive Gestaltungsm\u00f6glichkeit bez\u00fcglich einer angepassten Ausbeute.<\/li>\n<\/ul>\n<p>&nbsp;<\/p>\n<p><strong>Unser Optimierungsprogramm ist bedienerfreundlich:<\/strong><\/p>\n<p>&nbsp;<\/p>\n<ul>\n<li>\u00dcbersichtliche Darstellung der Optimier- und Maschineneinstellungen<\/li>\n<li>Speicherm\u00f6glichkeit der Messprofile inklusive Schnitt und Produktdaten f\u00fcr die Nachkontrolle<\/li>\n<li>Echtzeiterfassung des Messprofils aller installierten Laser<\/li>\n<li>Automatische Messfehlerkorrektur<\/li>\n<li>Verschiedene Optimierm\u00f6glichkeiten<\/li>\n<\/ul>\n<p>&nbsp;<\/p>\n<p><strong>Mit \u201eLM-Optim\u201c haben Sie alles im Blick:<\/strong><\/p>\n<p>&nbsp;<\/p>\n<ul>\n<li>\u00dcbersichtliche Visualisierung von Ausbeute und Leistung<\/li>\n<li>Mit dem Statistikmodul k\u00f6nnen verschiedene Protokolle \u00fcber einen beliebigen Zeitraum sogar kunden- und sortimentsbezogen zusammengefasst, gespeichert und ausgedruckt werden.<\/li>\n<li>Alle Daten k\u00f6nnen online auf separat stehende Rechner \u00fcbertragen werden<\/li>\n<\/ul>\n<p><!-- default-view.php -->\n<div\n\tclass=\"ngg-galleryoverview default-view \"\n\tid=\"ngg-gallery-a79f237797ccaacba15efded49972806-1\">\n\n\t\t<!-- Thumbnails -->\n\t\t\t\t<div id=\"ngg-image-0\" class=\"ngg-gallery-thumbnail-box \" >\n\t\t\t\t        <div class=\"ngg-gallery-thumbnail\">\n            <a href=\"https:\/\/hit-maschinenbau.de\/wp-content\/gallery\/1-2-6-optimierungsprogramm-lm-optim\/asm-optimierung-1.jpg\"\n               title=\"\"\n               data-src=\"https:\/\/hit-maschinenbau.de\/wp-content\/gallery\/1-2-6-optimierungsprogramm-lm-optim\/asm-optimierung-1.jpg\"\n               data-thumbnail=\"https:\/\/hit-maschinenbau.de\/wp-content\/gallery\/1-2-6-optimierungsprogramm-lm-optim\/thumbs\/thumbs_asm-optimierung-1.jpg\"\n               data-image-id=\"94\"\n               data-title=\"asm-optimierung-1\"\n               data-description=\"\"\n               data-image-slug=\"asm-optimierung-1\"\n               class=\"ngg-simplelightbox\" rel=\"a79f237797ccaacba15efded49972806\">\n                <img class=\"colorbox-880\" \n                    title=\"asm-optimierung-1\"\n                    alt=\"asm-optimierung-1\"\n                    src=\"https:\/\/hit-maschinenbau.de\/wp-content\/gallery\/1-2-6-optimierungsprogramm-lm-optim\/thumbs\/thumbs_asm-optimierung-1.jpg\"\n                    width=\"210\"\n                    height=\"139\"\n                    style=\"max-width:100%;\"\n                \/>\n            <\/a>\n        <\/div>\n\t\t\t\t\t\t\t<\/div> \n\t\t\t\n\t\t\t\t<div id=\"ngg-image-1\" class=\"ngg-gallery-thumbnail-box \" >\n\t\t\t\t        <div class=\"ngg-gallery-thumbnail\">\n            <a href=\"https:\/\/hit-maschinenbau.de\/wp-content\/gallery\/1-2-6-optimierungsprogramm-lm-optim\/asm-optimierung-3.jpg\"\n               title=\"\"\n               data-src=\"https:\/\/hit-maschinenbau.de\/wp-content\/gallery\/1-2-6-optimierungsprogramm-lm-optim\/asm-optimierung-3.jpg\"\n               data-thumbnail=\"https:\/\/hit-maschinenbau.de\/wp-content\/gallery\/1-2-6-optimierungsprogramm-lm-optim\/thumbs\/thumbs_asm-optimierung-3.jpg\"\n               data-image-id=\"95\"\n               data-title=\"asm-optimierung-3\"\n               data-description=\"\"\n               data-image-slug=\"asm-optimierung-3\"\n               class=\"ngg-simplelightbox\" rel=\"a79f237797ccaacba15efded49972806\">\n                <img class=\"colorbox-880\" \n                    title=\"asm-optimierung-3\"\n                    alt=\"asm-optimierung-3\"\n                    src=\"https:\/\/hit-maschinenbau.de\/wp-content\/gallery\/1-2-6-optimierungsprogramm-lm-optim\/thumbs\/thumbs_asm-optimierung-3.jpg\"\n                    width=\"210\"\n                    height=\"157\"\n                    style=\"max-width:100%;\"\n                \/>\n            <\/a>\n        <\/div>\n\t\t\t\t\t\t\t<\/div> \n\t\t\t\n\t\t\t\t<div id=\"ngg-image-2\" class=\"ngg-gallery-thumbnail-box \" >\n\t\t\t\t        <div class=\"ngg-gallery-thumbnail\">\n            <a href=\"https:\/\/hit-maschinenbau.de\/wp-content\/gallery\/1-2-6-optimierungsprogramm-lm-optim\/asm-optimierung-4.jpg\"\n               title=\"\"\n               data-src=\"https:\/\/hit-maschinenbau.de\/wp-content\/gallery\/1-2-6-optimierungsprogramm-lm-optim\/asm-optimierung-4.jpg\"\n               data-thumbnail=\"https:\/\/hit-maschinenbau.de\/wp-content\/gallery\/1-2-6-optimierungsprogramm-lm-optim\/thumbs\/thumbs_asm-optimierung-4.jpg\"\n               data-image-id=\"96\"\n               data-title=\"asm-optimierung-4\"\n               data-description=\"\"\n               data-image-slug=\"asm-optimierung-4\"\n               class=\"ngg-simplelightbox\" rel=\"a79f237797ccaacba15efded49972806\">\n                <img class=\"colorbox-880\" \n                    title=\"asm-optimierung-4\"\n                    alt=\"asm-optimierung-4\"\n                    src=\"https:\/\/hit-maschinenbau.de\/wp-content\/gallery\/1-2-6-optimierungsprogramm-lm-optim\/thumbs\/thumbs_asm-optimierung-4.jpg\"\n                    width=\"210\"\n                    height=\"139\"\n                    style=\"max-width:100%;\"\n                \/>\n            <\/a>\n        <\/div>\n\t\t\t\t\t\t\t<\/div> \n\t\t\t\n\t\n\t<br style=\"clear: both\" \/>\n\n\t\n\t\t<!-- Pagination -->\n\t<div class='ngg-clear'><\/div>\t<\/div>\n<br \/>\n<\/p>","protected":false},"excerpt":{"rendered":"<\/p>\n<p> Optimierungsprogramm &#8222;LM-Optim&#8220; <\/p>\n<p>Die Laser- Brettvermessungs-, und Optimierungssoftware &#8222;LM-Optim&#8220; wurde speziell f\u00fcr unsere S\u00e4gemaschinen entwickelt. Diese bedienerfreundliche Software ber\u00fccksichtigt die speziellen Anforderungen der klein- und mittelst\u00e4ndischen Betriebe, wie zum Beispiel:<\/p>\n<p> [&#8230;]<\/p>\n","protected":false},"author":4,"featured_media":0,"parent":82,"menu_order":56,"comment_status":"closed","ping_status":"closed","template":"","meta":{"ngg_post_thumbnail":0},"_links":{"self":[{"href":"https:\/\/hit-maschinenbau.de\/index.php\/wp-json\/wp\/v2\/pages\/880"}],"collection":[{"href":"https:\/\/hit-maschinenbau.de\/index.php\/wp-json\/wp\/v2\/pages"}],"about":[{"href":"https:\/\/hit-maschinenbau.de\/index.php\/wp-json\/wp\/v2\/types\/page"}],"author":[{"embeddable":true,"href":"https:\/\/hit-maschinenbau.de\/index.php\/wp-json\/wp\/v2\/users\/4"}],"replies":[{"embeddable":true,"href":"https:\/\/hit-maschinenbau.de\/index.php\/wp-json\/wp\/v2\/comments?post=880"}],"version-history":[{"count":17,"href":"https:\/\/hit-maschinenbau.de\/index.php\/wp-json\/wp\/v2\/pages\/880\/revisions"}],"predecessor-version":[{"id":4137,"href":"https:\/\/hit-maschinenbau.de\/index.php\/wp-json\/wp\/v2\/pages\/880\/revisions\/4137"}],"up":[{"embeddable":true,"href":"https:\/\/hit-maschinenbau.de\/index.php\/wp-json\/wp\/v2\/pages\/82"}],"wp:attachment":[{"href":"https:\/\/hit-maschinenbau.de\/index.php\/wp-json\/wp\/v2\/media?parent=880"}],"curies":[{"name":"wp","href":"https:\/\/api.w.org\/{rel}","templated":true}]}}