{"id":895,"date":"2013-03-24T16:03:16","date_gmt":"2013-03-24T14:03:16","guid":{"rendered":"http:\/\/www.hit-maschinenbau.de\/saegetechnik\/sortieren\/langensortieranlagen"},"modified":"2015-04-29T10:10:59","modified_gmt":"2015-04-29T08:10:59","slug":"laengensortieranlagen","status":"publish","type":"page","link":"https:\/\/hit-maschinenbau.de\/index.php\/saegetechnik\/sortierlinien\/laengensortieranlagen\/","title":{"rendered":"L\u00e4ngensortieranlagen"},"content":{"rendered":"<p><\/p>\n<h2>L\u00e4ngensortieranlagen<\/h2>\n<p>L\u00e4ngensortieranlagen sind die einfachsten Sortieranlagen im S\u00e4gewerk. Die H\u00f6lzer werden hierbei in L\u00e4ngsrichtung \u00fcber R\u00e4der transportiert und gem\u00e4\u00df dem Radabstand und der Holzl\u00e4nge abgeworfen. In der Regel werden die H\u00f6lzer auf einen Haufen absortiert und m\u00fcssen im Anschluss von Hand aufgestapelt werden.<\/p>\n<p>&nbsp;<\/p>\n<p>Die L\u00e4ngensortierung ben\u00f6tigt, in Abh\u00e4ngigkeit der Anzahl der verschiedenen Holzl\u00e4ngen eine gro\u00dfe Anlagenl\u00e4nge, eine Sortierung nach Qualit\u00e4ten erfolgt beim Aufstapeln der H\u00f6lzer.<\/p>\n<p>&nbsp;<\/p>\n<p>Wir liefern zudem verfahrbare Stapelhilfen, mit denen die einzelnen Abwurfpositionen einer L\u00e4ngensortierung angefahren werden k\u00f6nnen.<\/p>\n<!-- default-view.php -->\n<div\n\tclass=\"ngg-galleryoverview default-view \"\n\tid=\"ngg-gallery-1dfa7297d9d36d1ec055a94c68ca0e3f-1\">\n\n\t\t<!-- Thumbnails -->\n\t\t\t\t<div id=\"ngg-image-0\" class=\"ngg-gallery-thumbnail-box \" >\n\t\t\t\t        <div class=\"ngg-gallery-thumbnail\">\n            <a href=\"https:\/\/hit-maschinenbau.de\/wp-content\/gallery\/1-3-2-laengensortieranlagen\/lsa.jpg\"\n               title=\"\"\n               data-src=\"https:\/\/hit-maschinenbau.de\/wp-content\/gallery\/1-3-2-laengensortieranlagen\/lsa.jpg\"\n               data-thumbnail=\"https:\/\/hit-maschinenbau.de\/wp-content\/gallery\/1-3-2-laengensortieranlagen\/thumbs\/thumbs_lsa.jpg\"\n               data-image-id=\"107\"\n               data-title=\"lsa\"\n               data-description=\"\"\n               data-image-slug=\"lsa\"\n               class=\"ngg-simplelightbox\" rel=\"1dfa7297d9d36d1ec055a94c68ca0e3f\">\n                <img class=\"colorbox-895\" \n                    title=\"lsa\"\n                    alt=\"lsa\"\n                    src=\"https:\/\/hit-maschinenbau.de\/wp-content\/gallery\/1-3-2-laengensortieranlagen\/thumbs\/thumbs_lsa.jpg\"\n                    width=\"210\"\n                    height=\"127\"\n                    style=\"max-width:100%;\"\n                \/>\n            <\/a>\n        <\/div>\n\t\t\t\t\t\t\t<\/div> \n\t\t\t\n\t\n\t<br style=\"clear: both\" \/>\n\n\t\n\t\t<!-- Pagination -->\n\t<div class='ngg-clear'><\/div>\t<\/div>\n\n<p>  <\/p>","protected":false},"excerpt":{"rendered":"<\/p>\n<p> L\u00e4ngensortieranlagen <\/p>\n<p>L\u00e4ngensortieranlagen sind die einfachsten Sortieranlagen im S\u00e4gewerk. Die H\u00f6lzer werden hierbei in L\u00e4ngsrichtung \u00fcber R\u00e4der transportiert und gem\u00e4\u00df dem Radabstand und der Holzl\u00e4nge abgeworfen. In der Regel werden [&#8230;]<\/p>\n","protected":false},"author":4,"featured_media":0,"parent":83,"menu_order":59,"comment_status":"closed","ping_status":"closed","template":"","meta":{"ngg_post_thumbnail":0},"_links":{"self":[{"href":"https:\/\/hit-maschinenbau.de\/index.php\/wp-json\/wp\/v2\/pages\/895"}],"collection":[{"href":"https:\/\/hit-maschinenbau.de\/index.php\/wp-json\/wp\/v2\/pages"}],"about":[{"href":"https:\/\/hit-maschinenbau.de\/index.php\/wp-json\/wp\/v2\/types\/page"}],"author":[{"embeddable":true,"href":"https:\/\/hit-maschinenbau.de\/index.php\/wp-json\/wp\/v2\/users\/4"}],"replies":[{"embeddable":true,"href":"https:\/\/hit-maschinenbau.de\/index.php\/wp-json\/wp\/v2\/comments?post=895"}],"version-history":[{"count":13,"href":"https:\/\/hit-maschinenbau.de\/index.php\/wp-json\/wp\/v2\/pages\/895\/revisions"}],"predecessor-version":[{"id":3210,"href":"https:\/\/hit-maschinenbau.de\/index.php\/wp-json\/wp\/v2\/pages\/895\/revisions\/3210"}],"up":[{"embeddable":true,"href":"https:\/\/hit-maschinenbau.de\/index.php\/wp-json\/wp\/v2\/pages\/83"}],"wp:attachment":[{"href":"https:\/\/hit-maschinenbau.de\/index.php\/wp-json\/wp\/v2\/media?parent=895"}],"curies":[{"name":"wp","href":"https:\/\/api.w.org\/{rel}","templated":true}]}}