{"id":920,"date":"2013-03-24T23:56:25","date_gmt":"2013-03-24T21:56:25","guid":{"rendered":"http:\/\/www.hit-maschinenbau.de\/saegetechnik\/ablaengsaegen\/mehrfachablangsagen"},"modified":"2015-04-29T10:35:29","modified_gmt":"2015-04-29T08:35:29","slug":"mehrfachablaengsaegen","status":"publish","type":"page","link":"https:\/\/hit-maschinenbau.de\/index.php\/saegetechnik\/ablaengsaegen\/mehrfachablaengsaegen\/","title":{"rendered":"Mehrfachabl\u00e4ngs\u00e4gen"},"content":{"rendered":"<p><\/p>\n<h2>Mehrfachabl\u00e4ngs\u00e4gen<\/h2>\n<p>Unsere Mehrfachabl\u00e4ngs\u00e4gen werden eingesetzt, wenn eine oder beide Brettstirnseiten pr\u00e4zise und sauber gekappt werden m\u00fcssen, und die Ware in definierte Mehrfachl\u00e4ngen gekappt werden muss. Die erzeugten Mehrfachl\u00e4ngen werden weiter transportiert und die beim Kappen der Stirnseiten anfallenden Restst\u00fccke direkt entsorgt.<\/p>\n<p>&nbsp;<\/p>\n<p>Die S\u00e4geaggregate sind, je nach Anforderungen manuell oder automatisch l\u00e4ngenverstellbar so das flexible L\u00e4ngenstufen zur Erzeugung von Mehrfachl\u00e4ngen m\u00f6glich sind.<\/p>\n<p>&nbsp;<\/p>\n<p>Unsere S\u00e4geaggregate k\u00f6nnen unten- oder obenliegend, schwenkbar, sowie mit zus\u00e4tzlichem Kettenoberdruck ausgef\u00fchrt werden.<\/p>\n<!-- default-view.php -->\n<div\n\tclass=\"ngg-galleryoverview default-view \"\n\tid=\"ngg-gallery-aaf3281f61f7d19470e6aa0f7b54049d-1\">\n\n\t\t<!-- Thumbnails -->\n\t\t\t\t<div id=\"ngg-image-0\" class=\"ngg-gallery-thumbnail-box \" >\n\t\t\t\t        <div class=\"ngg-gallery-thumbnail\">\n            <a href=\"https:\/\/hit-maschinenbau.de\/wp-content\/gallery\/1-4-2-mehrfachablaengsaegen\/bhg-pks-mit-rad-und-ablaengsaege-2.jpg\"\n               title=\"\"\n               data-src=\"https:\/\/hit-maschinenbau.de\/wp-content\/gallery\/1-4-2-mehrfachablaengsaegen\/bhg-pks-mit-rad-und-ablaengsaege-2.jpg\"\n               data-thumbnail=\"https:\/\/hit-maschinenbau.de\/wp-content\/gallery\/1-4-2-mehrfachablaengsaegen\/thumbs\/thumbs_bhg-pks-mit-rad-und-ablaengsaege-2.jpg\"\n               data-image-id=\"136\"\n               data-title=\"bhg-pks-mit-rad-und-ablaengsaege-2\"\n               data-description=\"\"\n               data-image-slug=\"bhg-pks-mit-rad-und-ablaengsaege-2\"\n               class=\"ngg-simplelightbox\" rel=\"aaf3281f61f7d19470e6aa0f7b54049d\">\n                <img class=\"colorbox-920\" \n                    title=\"bhg-pks-mit-rad-und-ablaengsaege-2\"\n                    alt=\"bhg-pks-mit-rad-und-ablaengsaege-2\"\n                    src=\"https:\/\/hit-maschinenbau.de\/wp-content\/gallery\/1-4-2-mehrfachablaengsaegen\/thumbs\/thumbs_bhg-pks-mit-rad-und-ablaengsaege-2.jpg\"\n                    width=\"210\"\n                    height=\"157\"\n                    style=\"max-width:100%;\"\n                \/>\n            <\/a>\n        <\/div>\n\t\t\t\t\t\t\t<\/div> \n\t\t\t\n\t\t\t\t<div id=\"ngg-image-1\" class=\"ngg-gallery-thumbnail-box \" >\n\t\t\t\t        <div class=\"ngg-gallery-thumbnail\">\n            <a href=\"https:\/\/hit-maschinenbau.de\/wp-content\/gallery\/1-4-2-mehrfachablaengsaegen\/durchlaufkappung_2.jpg\"\n               title=\"\"\n               data-src=\"https:\/\/hit-maschinenbau.de\/wp-content\/gallery\/1-4-2-mehrfachablaengsaegen\/durchlaufkappung_2.jpg\"\n               data-thumbnail=\"https:\/\/hit-maschinenbau.de\/wp-content\/gallery\/1-4-2-mehrfachablaengsaegen\/thumbs\/thumbs_durchlaufkappung_2.jpg\"\n               data-image-id=\"139\"\n               data-title=\"durchlaufkappung_2\"\n               data-description=\"\"\n               data-image-slug=\"durchlaufkappung_2\"\n               class=\"ngg-simplelightbox\" rel=\"aaf3281f61f7d19470e6aa0f7b54049d\">\n                <img class=\"colorbox-920\" \n                    title=\"durchlaufkappung_2\"\n                    alt=\"durchlaufkappung_2\"\n                    src=\"https:\/\/hit-maschinenbau.de\/wp-content\/gallery\/1-4-2-mehrfachablaengsaegen\/thumbs\/thumbs_durchlaufkappung_2.jpg\"\n                    width=\"210\"\n                    height=\"157\"\n                    style=\"max-width:100%;\"\n                \/>\n            <\/a>\n        <\/div>\n\t\t\t\t\t\t\t<\/div> \n\t\t\t\n\t\t\t\t<div id=\"ngg-image-2\" class=\"ngg-gallery-thumbnail-box \" >\n\t\t\t\t        <div class=\"ngg-gallery-thumbnail\">\n            <a href=\"https:\/\/hit-maschinenbau.de\/wp-content\/gallery\/1-4-2-mehrfachablaengsaegen\/ibh-sortier-und-stapelanlage-53.jpg\"\n               title=\"\"\n               data-src=\"https:\/\/hit-maschinenbau.de\/wp-content\/gallery\/1-4-2-mehrfachablaengsaegen\/ibh-sortier-und-stapelanlage-53.jpg\"\n               data-thumbnail=\"https:\/\/hit-maschinenbau.de\/wp-content\/gallery\/1-4-2-mehrfachablaengsaegen\/thumbs\/thumbs_ibh-sortier-und-stapelanlage-53.jpg\"\n               data-image-id=\"142\"\n               data-title=\"ibh-sortier-und-stapelanlage-53\"\n               data-description=\"\"\n               data-image-slug=\"ibh-sortier-und-stapelanlage-53\"\n               class=\"ngg-simplelightbox\" rel=\"aaf3281f61f7d19470e6aa0f7b54049d\">\n                <img class=\"colorbox-920\" \n                    title=\"ibh-sortier-und-stapelanlage-53\"\n                    alt=\"ibh-sortier-und-stapelanlage-53\"\n                    src=\"https:\/\/hit-maschinenbau.de\/wp-content\/gallery\/1-4-2-mehrfachablaengsaegen\/thumbs\/thumbs_ibh-sortier-und-stapelanlage-53.jpg\"\n                    width=\"210\"\n                    height=\"157\"\n                    style=\"max-width:100%;\"\n                \/>\n            <\/a>\n        <\/div>\n\t\t\t\t\t\t\t<\/div> \n\t\t\t\n\t\n\t<br style=\"clear: both\" \/>\n\n\t\n\t\t<!-- Pagination -->\n\t<div class='ngg-clear'><\/div>\t<\/div>\n\n<p>  <\/p>","protected":false},"excerpt":{"rendered":"<\/p>\n<p> Mehrfachabl\u00e4ngs\u00e4gen <\/p>\n<p>Unsere Mehrfachabl\u00e4ngs\u00e4gen werden eingesetzt, wenn eine oder beide Brettstirnseiten pr\u00e4zise und sauber gekappt werden m\u00fcssen, und die Ware in definierte Mehrfachl\u00e4ngen gekappt werden muss. Die erzeugten Mehrfachl\u00e4ngen werden [&#8230;]<\/p>\n","protected":false},"author":4,"featured_media":0,"parent":84,"menu_order":65,"comment_status":"closed","ping_status":"closed","template":"","meta":{"ngg_post_thumbnail":0},"_links":{"self":[{"href":"https:\/\/hit-maschinenbau.de\/index.php\/wp-json\/wp\/v2\/pages\/920"}],"collection":[{"href":"https:\/\/hit-maschinenbau.de\/index.php\/wp-json\/wp\/v2\/pages"}],"about":[{"href":"https:\/\/hit-maschinenbau.de\/index.php\/wp-json\/wp\/v2\/types\/page"}],"author":[{"embeddable":true,"href":"https:\/\/hit-maschinenbau.de\/index.php\/wp-json\/wp\/v2\/users\/4"}],"replies":[{"embeddable":true,"href":"https:\/\/hit-maschinenbau.de\/index.php\/wp-json\/wp\/v2\/comments?post=920"}],"version-history":[{"count":8,"href":"https:\/\/hit-maschinenbau.de\/index.php\/wp-json\/wp\/v2\/pages\/920\/revisions"}],"predecessor-version":[{"id":3224,"href":"https:\/\/hit-maschinenbau.de\/index.php\/wp-json\/wp\/v2\/pages\/920\/revisions\/3224"}],"up":[{"embeddable":true,"href":"https:\/\/hit-maschinenbau.de\/index.php\/wp-json\/wp\/v2\/pages\/84"}],"wp:attachment":[{"href":"https:\/\/hit-maschinenbau.de\/index.php\/wp-json\/wp\/v2\/media?parent=920"}],"curies":[{"name":"wp","href":"https:\/\/api.w.org\/{rel}","templated":true}]}}