{"id":921,"date":"2013-03-24T23:56:25","date_gmt":"2013-03-24T21:56:25","guid":{"rendered":"http:\/\/www.hit-maschinenbau.de\/saegetechnik\/ablaengsaegen\/trimmersagen"},"modified":"2015-04-29T10:37:09","modified_gmt":"2015-04-29T08:37:09","slug":"trimmersaegen","status":"publish","type":"page","link":"https:\/\/hit-maschinenbau.de\/index.php\/saegetechnik\/ablaengsaegen\/trimmersaegen\/","title":{"rendered":"Trimmers\u00e4gen"},"content":{"rendered":"<p><\/p>\n<h2>Trimmers\u00e4gen<\/h2>\n<p>Unsere Trimmers\u00e4ge wird zum einen zum exakten Kappen der Ware in definierte Mehrfachl\u00e4ngen und zum anderen zum pr\u00e4zisen Auskappen von Fehlstellen im Holz verwendet. Fehlstellen k\u00f6nnen dabei in einem definierten Raster ausgekappt werden.\u00a0Hierzu werden die nicht ben\u00f6tigten S\u00e4gen durch auf- oder abschwenken aktiviert oder deaktiviert.<\/p>\n<p>&nbsp;<\/p>\n<p>Die Position, an welcher gekappt werden soll, kann dem Holz dabei w\u00e4hrend der Beurteilung durch das Sortierpersonal mitgegeben werden. Selbstverst\u00e4ndlich ist auch die Einbindung einer Brettkonturvermessung und Optimierung m\u00f6glich, von der die Daten automatisiert an die Trimmers\u00e4ge weitergegeben werden.<\/p>\n<p>&nbsp;<\/p>\n<p>Die einzelnen Aggregate der Trimmers\u00e4ge sind l\u00e4ngenverstellbar, so dass das Raster der Kappl\u00e4ngen flexibel gew\u00e4hlt werden kann.<\/p>\n<p>&nbsp;<\/p>\n<p>Die durch die Trimmers\u00e4ge erzeugten Teilst\u00fccke werden entweder nebeneinander liegend weiter auf eine Stapelmaschine transportiert, oder gemeinsam an einer Nulllinie ausgerichtet und der nachfolgenden Mechanisierung \u00fcbergeben.<\/p>\n<p>&nbsp;<br \/>\n<div class=\"arconix-accordions arconix-accordions-vertical arconix-accordions-1\">\n<div class=\"arconix-accordion-title accordion-TechnischeDetails\"><i class=\"fa\"><\/i><p>Technische Details<\/p><\/div><div class=\"arconix-accordion-content\">\n<ul>\n<li>Leistung: in Abh\u00e4ngigkeit der Holzbreite- und st\u00e4rke bis zu 80 H\u00f6lzer \/ min<\/li>\n<li>Genauigkeit: +\/- 1 mm<\/li>\n<li>Raster: 300, bzw. 500 mm, auf Wunsch auch kundenspezifische L\u00e4ngen<\/li>\n<\/ul>\n<\/div><br \/>\n<\/div><\/p>\n<!-- default-view.php -->\n<div\n\tclass=\"ngg-galleryoverview default-view \"\n\tid=\"ngg-gallery-918a51dcb57dd240f985943b365ff37b-1\">\n\n\t\t<!-- Thumbnails -->\n\t\t\t\t<div id=\"ngg-image-0\" class=\"ngg-gallery-thumbnail-box \" >\n\t\t\t\t        <div class=\"ngg-gallery-thumbnail\">\n            <a href=\"https:\/\/hit-maschinenbau.de\/wp-content\/gallery\/1-4-3-trimmersaegen\/vst-beurteilung-in-der-halle-16.jpg\"\n               title=\"\"\n               data-src=\"https:\/\/hit-maschinenbau.de\/wp-content\/gallery\/1-4-3-trimmersaegen\/vst-beurteilung-in-der-halle-16.jpg\"\n               data-thumbnail=\"https:\/\/hit-maschinenbau.de\/wp-content\/gallery\/1-4-3-trimmersaegen\/thumbs\/thumbs_vst-beurteilung-in-der-halle-16.jpg\"\n               data-image-id=\"146\"\n               data-title=\"vst-beurteilung-in-der-halle-16\"\n               data-description=\"\"\n               data-image-slug=\"vst-beurteilung-in-der-halle-16\"\n               class=\"ngg-simplelightbox\" rel=\"918a51dcb57dd240f985943b365ff37b\">\n                <img class=\"colorbox-921\" \n                    title=\"vst-beurteilung-in-der-halle-16\"\n                    alt=\"vst-beurteilung-in-der-halle-16\"\n                    src=\"https:\/\/hit-maschinenbau.de\/wp-content\/gallery\/1-4-3-trimmersaegen\/thumbs\/thumbs_vst-beurteilung-in-der-halle-16.jpg\"\n                    width=\"210\"\n                    height=\"157\"\n                    style=\"max-width:100%;\"\n                \/>\n            <\/a>\n        <\/div>\n\t\t\t\t\t\t\t<\/div> \n\t\t\t\n\t\n\t<br style=\"clear: both\" \/>\n\n\t\n\t\t<!-- Pagination -->\n\t<div class='ngg-clear'><\/div>\t<\/div>\n\n<p>  <\/p>","protected":false},"excerpt":{"rendered":"<\/p>\n<p> Trimmers\u00e4gen <\/p>\n<p>Unsere Trimmers\u00e4ge wird zum einen zum exakten Kappen der Ware in definierte Mehrfachl\u00e4ngen und zum anderen zum pr\u00e4zisen Auskappen von Fehlstellen im Holz verwendet. Fehlstellen k\u00f6nnen dabei in [&#8230;]<\/p>\n","protected":false},"author":4,"featured_media":0,"parent":84,"menu_order":66,"comment_status":"closed","ping_status":"closed","template":"","meta":{"ngg_post_thumbnail":0},"_links":{"self":[{"href":"https:\/\/hit-maschinenbau.de\/index.php\/wp-json\/wp\/v2\/pages\/921"}],"collection":[{"href":"https:\/\/hit-maschinenbau.de\/index.php\/wp-json\/wp\/v2\/pages"}],"about":[{"href":"https:\/\/hit-maschinenbau.de\/index.php\/wp-json\/wp\/v2\/types\/page"}],"author":[{"embeddable":true,"href":"https:\/\/hit-maschinenbau.de\/index.php\/wp-json\/wp\/v2\/users\/4"}],"replies":[{"embeddable":true,"href":"https:\/\/hit-maschinenbau.de\/index.php\/wp-json\/wp\/v2\/comments?post=921"}],"version-history":[{"count":13,"href":"https:\/\/hit-maschinenbau.de\/index.php\/wp-json\/wp\/v2\/pages\/921\/revisions"}],"predecessor-version":[{"id":3225,"href":"https:\/\/hit-maschinenbau.de\/index.php\/wp-json\/wp\/v2\/pages\/921\/revisions\/3225"}],"up":[{"embeddable":true,"href":"https:\/\/hit-maschinenbau.de\/index.php\/wp-json\/wp\/v2\/pages\/84"}],"wp:attachment":[{"href":"https:\/\/hit-maschinenbau.de\/index.php\/wp-json\/wp\/v2\/media?parent=921"}],"curies":[{"name":"wp","href":"https:\/\/api.w.org\/{rel}","templated":true}]}}